{"id":1664,"date":"2022-08-10T08:38:00","date_gmt":"2022-08-10T06:38:00","guid":{"rendered":"http:\/\/beselfbrands.com\/nosaltres\/"},"modified":"2025-03-13T12:13:45","modified_gmt":"2025-03-13T10:13:45","slug":"nosaltres","status":"publish","type":"page","link":"https:\/\/beselfbrands.com\/ca\/nosaltres\/","title":{"rendered":"Nosaltres"},"content":{"rendered":"\t\t<div data-elementor-type=\"wp-post\" data-elementor-id=\"1664\" class=\"elementor elementor-1664 elementor-6\" data-elementor-post-type=\"page\">\n\t\t\t\t\t\t<section class=\"elementor-section elementor-top-section elementor-element elementor-element-4a8fd19 elementor-section-boxed elementor-section-height-default elementor-section-height-default\" data-id=\"4a8fd19\" data-element_type=\"section\" data-e-type=\"section\" data-settings=\"{&quot;background_background&quot;:&quot;classic&quot;,&quot;jet_parallax_layout_list&quot;:[]}\">\n\t\t\t\t\t\t<div class=\"elementor-container elementor-column-gap-default\">\n\t\t\t\t\t<div class=\"elementor-column elementor-col-50 elementor-top-column elementor-element elementor-element-fbbea51\" data-id=\"fbbea51\" data-element_type=\"column\" data-e-type=\"column\">\n\t\t\t<div class=\"elementor-widget-wrap elementor-element-populated\">\n\t\t\t\t\t\t<div class=\"elementor-element elementor-element-66407c8 elementor-widget elementor-widget-heading\" data-id=\"66407c8\" data-element_type=\"widget\" data-e-type=\"widget\" data-widget_type=\"heading.default\">\n\t\t\t\t<div class=\"elementor-widget-container\">\n\t\t\t\t\t<h1 class=\"elementor-heading-title elementor-size-default\">Som el grup de marques especialistes en vida i llar <i class=\"fak fa-silla rojo\"><\/i><\/h1>\t\t\t\t<\/div>\n\t\t\t\t<\/div>\n\t\t\t\t<div class=\"elementor-element elementor-element-181e8ed elementor-widget elementor-widget-text-editor\" data-id=\"181e8ed\" data-element_type=\"widget\" data-e-type=\"widget\" data-widget_type=\"text-editor.default\">\n\t\t\t\t<div class=\"elementor-widget-container\">\n\t\t\t\t\t\t\t\t\t<p>Vam n\u00e9ixer amb un prop\u00f2sit clar; facilitar que les persones descobreixin i visquin el millor que porten dins, sent la seva millor versi\u00f3.<span class=\"Apple-converted-space\">\u00a0<\/span><\/p>\n\t\t\t\t\t\t\t\t<\/div>\n\t\t\t\t<\/div>\n\t\t\t\t\t<\/div>\n\t\t<\/div>\n\t\t\t\t<div class=\"elementor-column elementor-col-50 elementor-top-column elementor-element elementor-element-1b44c31 elementor-hidden-tablet elementor-hidden-mobile\" data-id=\"1b44c31\" data-element_type=\"column\" data-e-type=\"column\">\n\t\t\t<div class=\"elementor-widget-wrap elementor-element-populated\">\n\t\t\t\t\t\t<div class=\"elementor-element elementor-element-4cc6390 elementor-widget elementor-widget-image\" data-id=\"4cc6390\" data-element_type=\"widget\" data-e-type=\"widget\" data-widget_type=\"image.default\">\n\t\t\t\t<div class=\"elementor-widget-container\">\n\t\t\t\t\t\t\t\t\t\t\t\t\t\t\t<img fetchpriority=\"high\" decoding=\"async\" width=\"327\" height=\"414\" src=\"https:\/\/beselfbrands.com\/wp-content\/uploads\/2022\/09\/nosotros_mian.jpg\" class=\"attachment-large size-large wp-image-1418\" alt=\"\" srcset=\"https:\/\/beselfbrands.com\/wp-content\/uploads\/2022\/09\/nosotros_mian.jpg 327w, https:\/\/beselfbrands.com\/wp-content\/uploads\/2022\/09\/nosotros_mian-237x300.jpg 237w\" sizes=\"(max-width: 327px) 100vw, 327px\" \/>\t\t\t\t\t\t\t\t\t\t\t\t\t\t\t<\/div>\n\t\t\t\t<\/div>\n\t\t\t\t\t<\/div>\n\t\t<\/div>\n\t\t\t\t\t<\/div>\n\t\t<\/section>\n\t\t\t\t<section class=\"elementor-section elementor-top-section elementor-element elementor-element-d5cee6d elementor-section-boxed elementor-section-height-default elementor-section-height-default\" data-id=\"d5cee6d\" data-element_type=\"section\" data-e-type=\"section\" data-settings=\"{&quot;background_background&quot;:&quot;classic&quot;,&quot;jet_parallax_layout_list&quot;:[]}\">\n\t\t\t\t\t\t<div class=\"elementor-container elementor-column-gap-default\">\n\t\t\t\t\t<div class=\"elementor-column elementor-col-50 elementor-top-column elementor-element elementor-element-8b348b7\" data-id=\"8b348b7\" data-element_type=\"column\" data-e-type=\"column\" data-settings=\"{&quot;background_background&quot;:&quot;classic&quot;}\">\n\t\t\t<div class=\"elementor-widget-wrap\">\n\t\t\t\t\t\t\t<\/div>\n\t\t<\/div>\n\t\t\t\t<div class=\"elementor-column elementor-col-50 elementor-top-column elementor-element elementor-element-e0e963a\" data-id=\"e0e963a\" data-element_type=\"column\" data-e-type=\"column\" data-settings=\"{&quot;background_background&quot;:&quot;classic&quot;}\">\n\t\t\t<div class=\"elementor-widget-wrap elementor-element-populated\">\n\t\t\t\t\t\t<div class=\"elementor-element elementor-element-5fbd70b elementor-widget elementor-widget-heading\" data-id=\"5fbd70b\" data-element_type=\"widget\" data-e-type=\"widget\" data-widget_type=\"heading.default\">\n\t\t\t\t<div class=\"elementor-widget-container\">\n\t\t\t\t\t<span class=\"elementor-heading-title elementor-size-default\">Missi\u00f3<\/span>\t\t\t\t<\/div>\n\t\t\t\t<\/div>\n\t\t\t\t<div class=\"elementor-element elementor-element-1e9effd elementor-widget elementor-widget-text-editor\" data-id=\"1e9effd\" data-element_type=\"widget\" data-e-type=\"widget\" data-widget_type=\"text-editor.default\">\n\t\t\t\t<div class=\"elementor-widget-container\">\n\t\t\t\t\t\t\t\t\t<p>Amb la nostra pr\u00f2pia manera de fer realitat aquest prop\u00f2sit; dissenyar i crear productes que facilitin a les persones iniciar i desenvolupar els seus interessos i passions, dins i fora de les seves llars.<\/p>\n\t\t\t\t\t\t\t\t<\/div>\n\t\t\t\t<\/div>\n\t\t\t\t\t<\/div>\n\t\t<\/div>\n\t\t\t\t\t<\/div>\n\t\t<\/section>\n\t\t\t\t<section class=\"elementor-section elementor-top-section elementor-element elementor-element-453c4cd elementor-section-boxed elementor-section-height-default elementor-section-height-default\" data-id=\"453c4cd\" data-element_type=\"section\" data-e-type=\"section\" data-settings=\"{&quot;background_background&quot;:&quot;classic&quot;,&quot;jet_parallax_layout_list&quot;:[]}\">\n\t\t\t\t\t\t<div class=\"elementor-container elementor-column-gap-default\">\n\t\t\t\t\t<div class=\"elementor-column elementor-col-100 elementor-top-column elementor-element elementor-element-ee47e01\" data-id=\"ee47e01\" data-element_type=\"column\" data-e-type=\"column\">\n\t\t\t<div class=\"elementor-widget-wrap elementor-element-populated\">\n\t\t\t\t\t\t<section class=\"elementor-section elementor-inner-section elementor-element elementor-element-95b9ff2 elementor-section-boxed elementor-section-height-default elementor-section-height-default\" data-id=\"95b9ff2\" data-element_type=\"section\" data-e-type=\"section\" data-settings=\"{&quot;jet_parallax_layout_list&quot;:[]}\">\n\t\t\t\t\t\t<div class=\"elementor-container elementor-column-gap-default\">\n\t\t\t\t\t<div class=\"elementor-column elementor-col-50 elementor-inner-column elementor-element elementor-element-2f3daf9\" data-id=\"2f3daf9\" data-element_type=\"column\" data-e-type=\"column\">\n\t\t\t<div class=\"elementor-widget-wrap elementor-element-populated\">\n\t\t\t\t\t\t<div class=\"elementor-element elementor-element-f479d59 elementor-widget elementor-widget-heading\" data-id=\"f479d59\" data-element_type=\"widget\" data-e-type=\"widget\" data-widget_type=\"heading.default\">\n\t\t\t\t<div class=\"elementor-widget-container\">\n\t\t\t\t\t<h3 class=\"elementor-heading-title elementor-size-default\">Uns valors que defineixen la forma que tenim de fer les coses i com afrontem el nostre dia a dia:<\/h3>\t\t\t\t<\/div>\n\t\t\t\t<\/div>\n\t\t\t\t\t<\/div>\n\t\t<\/div>\n\t\t\t\t<div class=\"elementor-column elementor-col-50 elementor-inner-column elementor-element elementor-element-2a1c3dd\" data-id=\"2a1c3dd\" data-element_type=\"column\" data-e-type=\"column\">\n\t\t\t<div class=\"elementor-widget-wrap elementor-element-populated\">\n\t\t\t\t\t\t<div class=\"elementor-element elementor-element-e74c135 elementor-hidden-mobile elementor-widget elementor-widget-image\" data-id=\"e74c135\" data-element_type=\"widget\" data-e-type=\"widget\" data-widget_type=\"image.default\">\n\t\t\t\t<div class=\"elementor-widget-container\">\n\t\t\t\t\t\t\t\t\t\t\t\t\t\t\t<img decoding=\"async\" width=\"113\" height=\"114\" src=\"https:\/\/beselfbrands.com\/wp-content\/uploads\/2022\/09\/Flecha-puntos.svg\" class=\"attachment-large size-large wp-image-1036\" alt=\"\" \/>\t\t\t\t\t\t\t\t\t\t\t\t\t\t\t<\/div>\n\t\t\t\t<\/div>\n\t\t\t\t\t<\/div>\n\t\t<\/div>\n\t\t\t\t\t<\/div>\n\t\t<\/section>\n\t\t\t\t<section class=\"elementor-section elementor-inner-section elementor-element elementor-element-1fcd4bf elementor-section-boxed elementor-section-height-default elementor-section-height-default\" data-id=\"1fcd4bf\" data-element_type=\"section\" data-e-type=\"section\" data-settings=\"{&quot;jet_parallax_layout_list&quot;:[]}\">\n\t\t\t\t\t\t<div class=\"elementor-container elementor-column-gap-default\">\n\t\t\t\t\t<div class=\"elementor-column elementor-col-50 elementor-inner-column elementor-element elementor-element-0a3e394\" data-id=\"0a3e394\" data-element_type=\"column\" data-e-type=\"column\" data-settings=\"{&quot;background_background&quot;:&quot;classic&quot;}\">\n\t\t\t<div class=\"elementor-widget-wrap elementor-element-populated\">\n\t\t\t\t\t\t<div class=\"elementor-element elementor-element-11206aa elementor-widget elementor-widget-image\" data-id=\"11206aa\" data-element_type=\"widget\" data-e-type=\"widget\" data-widget_type=\"image.default\">\n\t\t\t\t<div class=\"elementor-widget-container\">\n\t\t\t\t\t\t\t\t\t\t\t\t\t\t\t<img decoding=\"async\" width=\"842\" height=\"680\" src=\"https:\/\/beselfbrands.com\/wp-content\/uploads\/2023\/10\/Proyecto-nuevo-9.jpg\" class=\"attachment-full size-full wp-image-2818\" alt=\"\" srcset=\"https:\/\/beselfbrands.com\/wp-content\/uploads\/2023\/10\/Proyecto-nuevo-9.jpg 842w, https:\/\/beselfbrands.com\/wp-content\/uploads\/2023\/10\/Proyecto-nuevo-9-300x242.jpg 300w, https:\/\/beselfbrands.com\/wp-content\/uploads\/2023\/10\/Proyecto-nuevo-9-768x620.jpg 768w\" sizes=\"(max-width: 842px) 100vw, 842px\" \/>\t\t\t\t\t\t\t\t\t\t\t\t\t\t\t<\/div>\n\t\t\t\t<\/div>\n\t\t\t\t<div class=\"elementor-element elementor-element-299eb84 elementor-widget elementor-widget-heading\" data-id=\"299eb84\" data-element_type=\"widget\" data-e-type=\"widget\" data-widget_type=\"heading.default\">\n\t\t\t\t<div class=\"elementor-widget-container\">\n\t\t\t\t\t<h2 class=\"elementor-heading-title elementor-size-default\">Ens guia la passi\u00f3<\/h2>\t\t\t\t<\/div>\n\t\t\t\t<\/div>\n\t\t\t\t<div class=\"elementor-element elementor-element-d34cdbe elementor-widget elementor-widget-text-editor\" data-id=\"d34cdbe\" data-element_type=\"widget\" data-e-type=\"widget\" data-widget_type=\"text-editor.default\">\n\t\t\t\t<div class=\"elementor-widget-container\">\n\t\t\t\t\t\t\t\t\t<p>Tot el que fem neix de la motivaci\u00f3 a ser millors; enfrontar-nos a nous reptes, desenvolupar nous productes, i trobar les millors solucions que nodreixin la flama per a treure el millor de tu i la millor versi\u00f3 de nosaltres.<span class=\"Apple-converted-space\">\u00a0<\/span><\/p>\n\t\t\t\t\t\t\t\t<\/div>\n\t\t\t\t<\/div>\n\t\t\t\t\t<\/div>\n\t\t<\/div>\n\t\t\t\t<div class=\"elementor-column elementor-col-50 elementor-inner-column elementor-element elementor-element-1cb86fb\" data-id=\"1cb86fb\" data-element_type=\"column\" data-e-type=\"column\" data-settings=\"{&quot;background_background&quot;:&quot;classic&quot;}\">\n\t\t\t<div class=\"elementor-widget-wrap elementor-element-populated\">\n\t\t\t\t\t\t<div class=\"elementor-element elementor-element-8a223cf elementor-widget elementor-widget-image\" data-id=\"8a223cf\" data-element_type=\"widget\" data-e-type=\"widget\" data-widget_type=\"image.default\">\n\t\t\t\t<div class=\"elementor-widget-container\">\n\t\t\t\t\t\t\t\t\t\t\t\t\t\t\t<img loading=\"lazy\" decoding=\"async\" width=\"800\" height=\"646\" src=\"https:\/\/beselfbrands.com\/wp-content\/uploads\/2022\/09\/unimos.jpg\" class=\"attachment-large size-large wp-image-1208\" alt=\"\" srcset=\"https:\/\/beselfbrands.com\/wp-content\/uploads\/2022\/09\/unimos.jpg 842w, https:\/\/beselfbrands.com\/wp-content\/uploads\/2022\/09\/unimos-300x242.jpg 300w, https:\/\/beselfbrands.com\/wp-content\/uploads\/2022\/09\/unimos-768x620.jpg 768w\" sizes=\"(max-width: 800px) 100vw, 800px\" \/>\t\t\t\t\t\t\t\t\t\t\t\t\t\t\t<\/div>\n\t\t\t\t<\/div>\n\t\t\t\t<div class=\"elementor-element elementor-element-dee0b2e elementor-widget elementor-widget-heading\" data-id=\"dee0b2e\" data-element_type=\"widget\" data-e-type=\"widget\" data-widget_type=\"heading.default\">\n\t\t\t\t<div class=\"elementor-widget-container\">\n\t\t\t\t\t<h2 class=\"elementor-heading-title elementor-size-default\">Unim els nostres esfor\u00e7os<\/h2>\t\t\t\t<\/div>\n\t\t\t\t<\/div>\n\t\t\t\t<div class=\"elementor-element elementor-element-7656dab elementor-widget elementor-widget-text-editor\" data-id=\"7656dab\" data-element_type=\"widget\" data-e-type=\"widget\" data-widget_type=\"text-editor.default\">\n\t\t\t\t<div class=\"elementor-widget-container\">\n\t\t\t\t\t\t\t\t\t<p>M\u00e9s que un grup, som una fam\u00edlia, i sabem que units podem arribar m\u00e9s lluny. Unifiquem el nostre valor, formant sinergies entre els nostres equips i les nostres marques per ajudar-te a iniciar i a desenvolupar-te en els teus interessos, acostant-nos a tu cada dia m\u00e9s per acompanyar-te en el cam\u00ed cap a la teva millor versi\u00f3.<span class=\"Apple-converted-space\">\u00a0<\/span><\/p>\n\t\t\t\t\t\t\t\t<\/div>\n\t\t\t\t<\/div>\n\t\t\t\t\t<\/div>\n\t\t<\/div>\n\t\t\t\t\t<\/div>\n\t\t<\/section>\n\t\t\t\t<section class=\"elementor-section elementor-inner-section elementor-element elementor-element-ce97cef elementor-section-boxed elementor-section-height-default elementor-section-height-default\" data-id=\"ce97cef\" data-element_type=\"section\" data-e-type=\"section\" data-settings=\"{&quot;jet_parallax_layout_list&quot;:[]}\">\n\t\t\t\t\t\t<div class=\"elementor-container elementor-column-gap-default\">\n\t\t\t\t\t<div class=\"elementor-column elementor-col-50 elementor-inner-column elementor-element elementor-element-bb326d4\" data-id=\"bb326d4\" data-element_type=\"column\" data-e-type=\"column\" data-settings=\"{&quot;background_background&quot;:&quot;classic&quot;}\">\n\t\t\t<div class=\"elementor-widget-wrap elementor-element-populated\">\n\t\t\t\t\t\t<div class=\"elementor-element elementor-element-180a4c1 elementor-widget elementor-widget-image\" data-id=\"180a4c1\" data-element_type=\"widget\" data-e-type=\"widget\" data-widget_type=\"image.default\">\n\t\t\t\t<div class=\"elementor-widget-container\">\n\t\t\t\t\t\t\t\t\t\t\t\t\t\t\t<img loading=\"lazy\" decoding=\"async\" width=\"800\" height=\"646\" src=\"https:\/\/beselfbrands.com\/wp-content\/uploads\/2022\/09\/avanza-1.jpg\" class=\"attachment-large size-large wp-image-1309\" alt=\"\" srcset=\"https:\/\/beselfbrands.com\/wp-content\/uploads\/2022\/09\/avanza-1.jpg 842w, https:\/\/beselfbrands.com\/wp-content\/uploads\/2022\/09\/avanza-1-300x242.jpg 300w, https:\/\/beselfbrands.com\/wp-content\/uploads\/2022\/09\/avanza-1-768x620.jpg 768w\" sizes=\"(max-width: 800px) 100vw, 800px\" \/>\t\t\t\t\t\t\t\t\t\t\t\t\t\t\t<\/div>\n\t\t\t\t<\/div>\n\t\t\t\t<div class=\"elementor-element elementor-element-b6fe10e elementor-widget elementor-widget-heading\" data-id=\"b6fe10e\" data-element_type=\"widget\" data-e-type=\"widget\" data-widget_type=\"heading.default\">\n\t\t\t\t<div class=\"elementor-widget-container\">\n\t\t\t\t\t<h2 class=\"elementor-heading-title elementor-size-default\">Avancem constantment<\/h2>\t\t\t\t<\/div>\n\t\t\t\t<\/div>\n\t\t\t\t<div class=\"elementor-element elementor-element-af1b03a elementor-widget elementor-widget-text-editor\" data-id=\"af1b03a\" data-element_type=\"widget\" data-e-type=\"widget\" data-widget_type=\"text-editor.default\">\n\t\t\t\t<div class=\"elementor-widget-container\">\n\t\t\t\t\t\t\t\t\t<p>Deixem que cada persona marqui els seus objectius, prengui les seves decisions i desafi\u00ef els seus propis l\u00edmits per a continuar creixent. Mantenint sempre l\u2019ordre necessari perqu\u00e8 els productes i les solucions que posem al teu abast compleixin amb el que prometen i siguin cada vegada millors.<\/p>\n\t\t\t\t\t\t\t\t<\/div>\n\t\t\t\t<\/div>\n\t\t\t\t\t<\/div>\n\t\t<\/div>\n\t\t\t\t<div class=\"elementor-column elementor-col-50 elementor-inner-column elementor-element elementor-element-8887f96\" data-id=\"8887f96\" data-element_type=\"column\" data-e-type=\"column\" data-settings=\"{&quot;background_background&quot;:&quot;classic&quot;}\">\n\t\t\t<div class=\"elementor-widget-wrap elementor-element-populated\">\n\t\t\t\t\t\t<div class=\"elementor-element elementor-element-2b8be74 elementor-widget elementor-widget-spacer\" data-id=\"2b8be74\" data-element_type=\"widget\" data-e-type=\"widget\" data-widget_type=\"spacer.default\">\n\t\t\t\t<div class=\"elementor-widget-container\">\n\t\t\t\t\t\t\t<div class=\"elementor-spacer\">\n\t\t\t<div class=\"elementor-spacer-inner\"><\/div>\n\t\t<\/div>\n\t\t\t\t\t\t<\/div>\n\t\t\t\t<\/div>\n\t\t\t\t<div class=\"elementor-element elementor-element-ec757ef elementor-widget elementor-widget-image\" data-id=\"ec757ef\" data-element_type=\"widget\" data-e-type=\"widget\" data-widget_type=\"image.default\">\n\t\t\t\t<div class=\"elementor-widget-container\">\n\t\t\t\t\t\t\t\t\t\t\t\t\t\t\t<img loading=\"lazy\" decoding=\"async\" width=\"842\" height=\"680\" src=\"https:\/\/beselfbrands.com\/wp-content\/uploads\/2023\/10\/Proyecto-nuevo-8.jpg\" class=\"attachment-full size-full wp-image-2815\" alt=\"\" srcset=\"https:\/\/beselfbrands.com\/wp-content\/uploads\/2023\/10\/Proyecto-nuevo-8.jpg 842w, https:\/\/beselfbrands.com\/wp-content\/uploads\/2023\/10\/Proyecto-nuevo-8-300x242.jpg 300w, https:\/\/beselfbrands.com\/wp-content\/uploads\/2023\/10\/Proyecto-nuevo-8-768x620.jpg 768w\" sizes=\"(max-width: 842px) 100vw, 842px\" \/>\t\t\t\t\t\t\t\t\t\t\t\t\t\t\t<\/div>\n\t\t\t\t<\/div>\n\t\t\t\t<div class=\"elementor-element elementor-element-7ba35d3 elementor-widget elementor-widget-heading\" data-id=\"7ba35d3\" data-element_type=\"widget\" data-e-type=\"widget\" data-widget_type=\"heading.default\">\n\t\t\t\t<div class=\"elementor-widget-container\">\n\t\t\t\t\t<h2 class=\"elementor-heading-title elementor-size-default\">Actuem amb sentit<\/h2>\t\t\t\t<\/div>\n\t\t\t\t<\/div>\n\t\t\t\t<div class=\"elementor-element elementor-element-468fd9d elementor-widget elementor-widget-text-editor\" data-id=\"468fd9d\" data-element_type=\"widget\" data-e-type=\"widget\" data-widget_type=\"text-editor.default\">\n\t\t\t\t<div class=\"elementor-widget-container\">\n\t\t\t\t\t\t\t\t\t<p>Les decisions que prenem; les persones que contractem, les marques que creem i les solucions que oferim construeixen en la mateixa direcci\u00f3. Manifestant la nostra promesa i per qu\u00e8 fem el que fem, conscients de l\u2019impacte que les nostres accions poden tenir en la teva vida.<\/p>\n\t\t\t\t\t\t\t\t<\/div>\n\t\t\t\t<\/div>\n\t\t\t\t\t<\/div>\n\t\t<\/div>\n\t\t\t\t\t<\/div>\n\t\t<\/section>\n\t\t\t\t\t<\/div>\n\t\t<\/div>\n\t\t\t\t\t<\/div>\n\t\t<\/section>\n\t\t\t\t<section class=\"elementor-section elementor-top-section elementor-element elementor-element-b4b3581 elementor-section-boxed elementor-section-height-default elementor-section-height-default elementor-invisible\" data-id=\"b4b3581\" data-element_type=\"section\" data-e-type=\"section\" data-settings=\"{&quot;jet_parallax_layout_list&quot;:[],&quot;animation&quot;:&quot;fadeInUp&quot;}\">\n\t\t\t\t\t\t<div class=\"elementor-container elementor-column-gap-default\">\n\t\t\t\t\t<div class=\"elementor-column elementor-col-100 elementor-top-column elementor-element elementor-element-e56c527\" data-id=\"e56c527\" data-element_type=\"column\" data-e-type=\"column\">\n\t\t\t<div class=\"elementor-widget-wrap elementor-element-populated\">\n\t\t\t\t\t\t<div class=\"elementor-element elementor-element-9d1799b elementor-widget elementor-widget-heading\" data-id=\"9d1799b\" data-element_type=\"widget\" data-e-type=\"widget\" data-widget_type=\"heading.default\">\n\t\t\t\t<div class=\"elementor-widget-container\">\n\t\t\t\t\t<div class=\"elementor-heading-title elementor-size-default\">El nostre equip<\/div>\t\t\t\t<\/div>\n\t\t\t\t<\/div>\n\t\t\t\t<div class=\"elementor-element elementor-element-e4e4e04 elementor-widget elementor-widget-text-editor\" data-id=\"e4e4e04\" data-element_type=\"widget\" data-e-type=\"widget\" data-widget_type=\"text-editor.default\">\n\t\t\t\t<div class=\"elementor-widget-container\">\n\t\t\t\t\t\t\t\t\t<p>Tots els que formem Beself Brands impulsem el que fem moguts per un mateix objectiu i uns valors compartits. Cuidem tots els detalls amb passi\u00f3 i dedicaci\u00f3 per a oferir-te productes cada dia millors i acompanyar-te en el cam\u00ed cap a la teva millor versi\u00f3.<\/p>\n\t\t\t\t\t\t\t\t<\/div>\n\t\t\t\t<\/div>\n\t\t\t\t\t<\/div>\n\t\t<\/div>\n\t\t\t\t\t<\/div>\n\t\t<\/section>\n\t\t\t\t<section class=\"elementor-section elementor-top-section elementor-element elementor-element-7054a19 elementor-section-boxed elementor-section-height-default elementor-section-height-default elementor-invisible\" data-id=\"7054a19\" data-element_type=\"section\" data-e-type=\"section\" data-settings=\"{&quot;jet_parallax_layout_list&quot;:[],&quot;animation&quot;:&quot;fadeInUp&quot;}\">\n\t\t\t\t\t\t<div class=\"elementor-container elementor-column-gap-default\">\n\t\t\t\t\t<div class=\"elementor-column elementor-col-100 elementor-top-column elementor-element elementor-element-6d83c16\" data-id=\"6d83c16\" data-element_type=\"column\" data-e-type=\"column\">\n\t\t\t<div class=\"elementor-widget-wrap elementor-element-populated\">\n\t\t\t\t\t\t<div class=\"elementor-element elementor-element-89ab51d elementor-widget elementor-widget-image\" data-id=\"89ab51d\" data-element_type=\"widget\" data-e-type=\"widget\" data-widget_type=\"image.default\">\n\t\t\t\t<div class=\"elementor-widget-container\">\n\t\t\t\t\t\t\t\t\t\t\t\t\t\t\t<img loading=\"lazy\" decoding=\"async\" width=\"2000\" height=\"1333\" src=\"https:\/\/beselfbrands.com\/wp-content\/uploads\/2025\/03\/team_2025_Q1-2.jpg\" class=\"attachment-full size-full wp-image-3103\" alt=\"\" srcset=\"https:\/\/beselfbrands.com\/wp-content\/uploads\/2025\/03\/team_2025_Q1-2.jpg 2000w, https:\/\/beselfbrands.com\/wp-content\/uploads\/2025\/03\/team_2025_Q1-2-300x200.jpg 300w, https:\/\/beselfbrands.com\/wp-content\/uploads\/2025\/03\/team_2025_Q1-2-1024x682.jpg 1024w, https:\/\/beselfbrands.com\/wp-content\/uploads\/2025\/03\/team_2025_Q1-2-768x512.jpg 768w, https:\/\/beselfbrands.com\/wp-content\/uploads\/2025\/03\/team_2025_Q1-2-1536x1024.jpg 1536w\" sizes=\"(max-width: 2000px) 100vw, 2000px\" \/>\t\t\t\t\t\t\t\t\t\t\t\t\t\t\t<\/div>\n\t\t\t\t<\/div>\n\t\t\t\t\t<\/div>\n\t\t<\/div>\n\t\t\t\t\t<\/div>\n\t\t<\/section>\n\t\t\t\t<\/div>\n\t\t","protected":false},"excerpt":{"rendered":"<p>Som el grup de marques especialistes en vida i llar Vam n\u00e9ixer amb un prop\u00f2sit clar; facilitar que les persones descobreixin i visquin el millor que porten dins, sent la seva millor versi\u00f3.\u00a0 Missi\u00f3 Amb la nostra pr\u00f2pia manera de fer realitat aquest prop\u00f2sit; dissenyar i crear productes que facilitin a les persones iniciar i [&hellip;]<\/p>\n","protected":false},"author":4,"featured_media":0,"parent":0,"menu_order":0,"comment_status":"closed","ping_status":"closed","template":"","meta":{"_monsterinsights_skip_tracking":false,"_monsterinsights_sitenote_active":false,"_monsterinsights_sitenote_note":"","_monsterinsights_sitenote_category":0,"_uf_show_specific_survey":0,"_uf_disable_surveys":false,"footnotes":""},"class_list":["post-1664","page","type-page","status-publish","hentry"],"aioseo_notices":[],"_links":{"self":[{"href":"https:\/\/beselfbrands.com\/ca\/wp-json\/wp\/v2\/pages\/1664","targetHints":{"allow":["GET"]}}],"collection":[{"href":"https:\/\/beselfbrands.com\/ca\/wp-json\/wp\/v2\/pages"}],"about":[{"href":"https:\/\/beselfbrands.com\/ca\/wp-json\/wp\/v2\/types\/page"}],"author":[{"embeddable":true,"href":"https:\/\/beselfbrands.com\/ca\/wp-json\/wp\/v2\/users\/4"}],"replies":[{"embeddable":true,"href":"https:\/\/beselfbrands.com\/ca\/wp-json\/wp\/v2\/comments?post=1664"}],"version-history":[{"count":14,"href":"https:\/\/beselfbrands.com\/ca\/wp-json\/wp\/v2\/pages\/1664\/revisions"}],"predecessor-version":[{"id":3113,"href":"https:\/\/beselfbrands.com\/ca\/wp-json\/wp\/v2\/pages\/1664\/revisions\/3113"}],"wp:attachment":[{"href":"https:\/\/beselfbrands.com\/ca\/wp-json\/wp\/v2\/media?parent=1664"}],"curies":[{"name":"wp","href":"https:\/\/api.w.org\/{rel}","templated":true}]}}