{"id":1680,"date":"2022-09-20T08:03:18","date_gmt":"2022-09-20T06:03:18","guid":{"rendered":"http:\/\/beselfbrands.com\/careers\/"},"modified":"2023-10-27T11:05:01","modified_gmt":"2023-10-27T09:05:01","slug":"careers","status":"publish","type":"page","link":"https:\/\/beselfbrands.com\/ca\/careers\/","title":{"rendered":"Careers"},"content":{"rendered":"\t\t<div data-elementor-type=\"wp-post\" data-elementor-id=\"1680\" class=\"elementor elementor-1680 elementor-267\" data-elementor-post-type=\"page\">\n\t\t\t\t\t\t<section class=\"elementor-section elementor-top-section elementor-element elementor-element-4a8fd19 elementor-section-height-min-height elementor-section-content-top elementor-section-boxed elementor-section-height-default elementor-section-items-middle\" data-id=\"4a8fd19\" data-element_type=\"section\" data-e-type=\"section\" data-settings=\"{&quot;background_background&quot;:&quot;classic&quot;,&quot;jet_parallax_layout_list&quot;:[]}\">\n\t\t\t\t\t\t<div class=\"elementor-container elementor-column-gap-default\">\n\t\t\t\t\t<div class=\"elementor-column elementor-col-50 elementor-top-column elementor-element elementor-element-fbbea51\" data-id=\"fbbea51\" data-element_type=\"column\" data-e-type=\"column\" data-settings=\"{&quot;background_background&quot;:&quot;classic&quot;}\">\n\t\t\t<div class=\"elementor-widget-wrap elementor-element-populated\">\n\t\t\t\t\t\t<div class=\"elementor-element elementor-element-66407c8 elementor-widget elementor-widget-heading\" data-id=\"66407c8\" data-element_type=\"widget\" data-e-type=\"widget\" data-widget_type=\"heading.default\">\n\t\t\t\t<div class=\"elementor-widget-container\">\n\t\t\t\t\t<h1 class=\"elementor-heading-title elementor-size-default\">Si et motiva ser la teva millor versi\u00f3, ho portes dins. <i class=\"fak fa-estrella amarillo\"><\/i><\/h1>\t\t\t\t<\/div>\n\t\t\t\t<\/div>\n\t\t\t\t<div class=\"elementor-element elementor-element-181e8ed elementor-widget elementor-widget-text-editor\" data-id=\"181e8ed\" data-element_type=\"widget\" data-e-type=\"widget\" data-widget_type=\"text-editor.default\">\n\t\t\t\t<div class=\"elementor-widget-container\">\n\t\t\t\t\t\t\t\t\t<p>Forma part del nostre equip!<\/p>\n\t\t\t\t\t\t\t\t<\/div>\n\t\t\t\t<\/div>\n\t\t\t\t<div class=\"elementor-element elementor-element-f695b2e elementor-widget elementor-widget-button\" data-id=\"f695b2e\" data-element_type=\"widget\" data-e-type=\"widget\" data-widget_type=\"button.default\">\n\t\t\t\t<div class=\"elementor-widget-container\">\n\t\t\t\t\t\t\t\t\t<div class=\"elementor-button-wrapper\">\n\t\t\t\t\t<a class=\"elementor-button elementor-button-link elementor-size-sm\" href=\"https:\/\/careers.pratbrands.com\/connect\">\n\t\t\t\t\t\t<span class=\"elementor-button-content-wrapper\">\n\t\t\t\t\t\t<span class=\"elementor-button-icon\">\n\t\t\t\t<svg xmlns=\"http:\/\/www.w3.org\/2000\/svg\" viewBox=\"0 0 320 512\"><path d=\"M312 352c-4.419 0-7.999-3.58-7.999-7.999V123.3l-290.3 290.3c-3.116 3.116-8.187 3.127-11.31 0s-3.116-8.198 0-11.31l290.3-290.3H71.1C67.58 111.1 64 108.4 64 103.1S67.58 96 71.1 96h240C316.4 96 320 99.58 320 103.1v240C320 348.4 316.4 352 312 352z\"><\/path><\/svg>\t\t\t<\/span>\n\t\t\t\t\t\t\t\t\t<span class=\"elementor-button-text\">Troba la vacant perfecta.<\/span>\n\t\t\t\t\t<\/span>\n\t\t\t\t\t<\/a>\n\t\t\t\t<\/div>\n\t\t\t\t\t\t\t\t<\/div>\n\t\t\t\t<\/div>\n\t\t\t\t\t<\/div>\n\t\t<\/div>\n\t\t\t\t<div class=\"elementor-column elementor-col-50 elementor-top-column elementor-element elementor-element-1b44c31 elementor-hidden-desktop\" data-id=\"1b44c31\" data-element_type=\"column\" data-e-type=\"column\">\n\t\t\t<div class=\"elementor-widget-wrap\">\n\t\t\t\t\t\t\t<\/div>\n\t\t<\/div>\n\t\t\t\t\t<\/div>\n\t\t<\/section>\n\t\t\t\t<section class=\"elementor-section elementor-top-section elementor-element elementor-element-453c4cd elementor-section-boxed elementor-section-height-default elementor-section-height-default\" data-id=\"453c4cd\" data-element_type=\"section\" data-e-type=\"section\" data-settings=\"{&quot;background_background&quot;:&quot;classic&quot;,&quot;jet_parallax_layout_list&quot;:[]}\">\n\t\t\t\t\t\t<div class=\"elementor-container elementor-column-gap-default\">\n\t\t\t\t\t<div class=\"elementor-column elementor-col-100 elementor-top-column elementor-element elementor-element-ee47e01\" data-id=\"ee47e01\" data-element_type=\"column\" data-e-type=\"column\">\n\t\t\t<div class=\"elementor-widget-wrap elementor-element-populated\">\n\t\t\t\t\t\t<section class=\"elementor-section elementor-inner-section elementor-element elementor-element-1fcd4bf elementor-section-boxed elementor-section-height-default elementor-section-height-default\" data-id=\"1fcd4bf\" data-element_type=\"section\" data-e-type=\"section\" data-settings=\"{&quot;jet_parallax_layout_list&quot;:[]}\">\n\t\t\t\t\t\t<div class=\"elementor-container elementor-column-gap-default\">\n\t\t\t\t\t<div class=\"elementor-column elementor-col-50 elementor-inner-column elementor-element elementor-element-0a3e394\" data-id=\"0a3e394\" data-element_type=\"column\" data-e-type=\"column\" data-settings=\"{&quot;background_background&quot;:&quot;classic&quot;}\">\n\t\t\t<div class=\"elementor-widget-wrap elementor-element-populated\">\n\t\t\t\t\t\t<div class=\"elementor-element elementor-element-11206aa elementor-widget elementor-widget-image\" data-id=\"11206aa\" data-element_type=\"widget\" data-e-type=\"widget\" data-widget_type=\"image.default\">\n\t\t\t\t<div class=\"elementor-widget-container\">\n\t\t\t\t\t\t\t\t\t\t\t\t\t\t\t<img decoding=\"async\" width=\"51\" height=\"61\" src=\"https:\/\/beselfbrands.com\/wp-content\/uploads\/2022\/09\/Arbol.png\" class=\"attachment-large size-large wp-image-1104\" alt=\"\" \/>\t\t\t\t\t\t\t\t\t\t\t\t\t\t\t<\/div>\n\t\t\t\t<\/div>\n\t\t\t\t<div class=\"elementor-element elementor-element-299eb84 elementor-widget elementor-widget-heading\" data-id=\"299eb84\" data-element_type=\"widget\" data-e-type=\"widget\" data-widget_type=\"heading.default\">\n\t\t\t\t<div class=\"elementor-widget-container\">\n\t\t\t\t\t<h2 class=\"elementor-heading-title elementor-size-default\">M\u00e9s que un grup, <br>som una fam\u00edlia.<\/h2>\t\t\t\t<\/div>\n\t\t\t\t<\/div>\n\t\t\t\t<div class=\"elementor-element elementor-element-fbb862c elementor-widget-divider--view-line elementor-widget elementor-widget-divider\" data-id=\"fbb862c\" data-element_type=\"widget\" data-e-type=\"widget\" data-widget_type=\"divider.default\">\n\t\t\t\t<div class=\"elementor-widget-container\">\n\t\t\t\t\t\t\t<div class=\"elementor-divider\">\n\t\t\t<span class=\"elementor-divider-separator\">\n\t\t\t\t\t\t<\/span>\n\t\t<\/div>\n\t\t\t\t\t\t<\/div>\n\t\t\t\t<\/div>\n\t\t\t\t<div class=\"elementor-element elementor-element-d34cdbe elementor-widget elementor-widget-text-editor\" data-id=\"d34cdbe\" data-element_type=\"widget\" data-e-type=\"widget\" data-widget_type=\"text-editor.default\">\n\t\t\t\t<div class=\"elementor-widget-container\">\n\t\t\t\t\t\t\t\t\t<p>Tots els que formem Beself Brands impulsem el que fem moguts per un mateix objectiu i uns valors compartits.\u00a0Creixent de la m\u00e0 tan personal com professionalment.<\/p>\n\t\t\t\t\t\t\t\t<\/div>\n\t\t\t\t<\/div>\n\t\t\t\t\t<\/div>\n\t\t<\/div>\n\t\t\t\t<div class=\"elementor-column elementor-col-50 elementor-inner-column elementor-element elementor-element-1cb86fb\" data-id=\"1cb86fb\" data-element_type=\"column\" data-e-type=\"column\" data-settings=\"{&quot;background_background&quot;:&quot;classic&quot;}\">\n\t\t\t<div class=\"elementor-widget-wrap elementor-element-populated\">\n\t\t\t\t\t\t<div class=\"elementor-element elementor-element-8a223cf elementor-widget elementor-widget-image\" data-id=\"8a223cf\" data-element_type=\"widget\" data-e-type=\"widget\" data-widget_type=\"image.default\">\n\t\t\t\t<div class=\"elementor-widget-container\">\n\t\t\t\t\t\t\t\t\t\t\t\t\t\t\t<img decoding=\"async\" width=\"97\" height=\"60\" src=\"https:\/\/beselfbrands.com\/wp-content\/uploads\/2022\/09\/Pesa.png\" class=\"attachment-large size-large wp-image-1110\" alt=\"\" \/>\t\t\t\t\t\t\t\t\t\t\t\t\t\t\t<\/div>\n\t\t\t\t<\/div>\n\t\t\t\t<div class=\"elementor-element elementor-element-dee0b2e elementor-widget elementor-widget-heading\" data-id=\"dee0b2e\" data-element_type=\"widget\" data-e-type=\"widget\" data-widget_type=\"heading.default\">\n\t\t\t\t<div class=\"elementor-widget-container\">\n\t\t\t\t\t<h2 class=\"elementor-heading-title elementor-size-default\">La passi\u00f3 forma part de la nostra cultura<\/h2>\t\t\t\t<\/div>\n\t\t\t\t<\/div>\n\t\t\t\t<div class=\"elementor-element elementor-element-d8f1f76 elementor-widget-divider--view-line elementor-widget elementor-widget-divider\" data-id=\"d8f1f76\" data-element_type=\"widget\" data-e-type=\"widget\" data-widget_type=\"divider.default\">\n\t\t\t\t<div class=\"elementor-widget-container\">\n\t\t\t\t\t\t\t<div class=\"elementor-divider\">\n\t\t\t<span class=\"elementor-divider-separator\">\n\t\t\t\t\t\t<\/span>\n\t\t<\/div>\n\t\t\t\t\t\t<\/div>\n\t\t\t\t<\/div>\n\t\t\t\t<div class=\"elementor-element elementor-element-f279146 elementor-widget elementor-widget-text-editor\" data-id=\"f279146\" data-element_type=\"widget\" data-e-type=\"widget\" data-widget_type=\"text-editor.default\">\n\t\t\t\t<div class=\"elementor-widget-container\">\n\t\t\t\t\t\t\t\t\t<p>Tot el que fem neix de la motivaci\u00f3 a ser millors. La passi\u00f3 ens guia a enfrontar-nos a nous reptes. Per aix\u00f2, busquem persones disposades a convertir-se en la millor versi\u00f3 d\u2019ells mateixos.<span class=\"Apple-converted-space\">\u00a0<\/span><\/p>\n\t\t\t\t\t\t\t\t<\/div>\n\t\t\t\t<\/div>\n\t\t\t\t\t<\/div>\n\t\t<\/div>\n\t\t\t\t\t<\/div>\n\t\t<\/section>\n\t\t\t\t<section class=\"elementor-section elementor-inner-section elementor-element elementor-element-92ee16b elementor-section-boxed elementor-section-height-default elementor-section-height-default\" data-id=\"92ee16b\" data-element_type=\"section\" data-e-type=\"section\" data-settings=\"{&quot;jet_parallax_layout_list&quot;:[]}\">\n\t\t\t\t\t\t<div class=\"elementor-container elementor-column-gap-default\">\n\t\t\t\t\t<div class=\"elementor-column elementor-col-50 elementor-inner-column elementor-element elementor-element-bd8e5d4\" data-id=\"bd8e5d4\" data-element_type=\"column\" data-e-type=\"column\" data-settings=\"{&quot;background_background&quot;:&quot;classic&quot;}\">\n\t\t\t<div class=\"elementor-widget-wrap elementor-element-populated\">\n\t\t\t\t\t\t<div class=\"elementor-element elementor-element-04949dc elementor-widget elementor-widget-image\" data-id=\"04949dc\" data-element_type=\"widget\" data-e-type=\"widget\" data-widget_type=\"image.default\">\n\t\t\t\t<div class=\"elementor-widget-container\">\n\t\t\t\t\t\t\t\t\t\t\t\t\t\t\t<img decoding=\"async\" width=\"63\" height=\"60\" src=\"https:\/\/beselfbrands.com\/wp-content\/uploads\/2022\/09\/Asterisco.png\" class=\"attachment-large size-large wp-image-1106\" alt=\"\" \/>\t\t\t\t\t\t\t\t\t\t\t\t\t\t\t<\/div>\n\t\t\t\t<\/div>\n\t\t\t\t<div class=\"elementor-element elementor-element-ff89462 elementor-widget elementor-widget-heading\" data-id=\"ff89462\" data-element_type=\"widget\" data-e-type=\"widget\" data-widget_type=\"heading.default\">\n\t\t\t\t<div class=\"elementor-widget-container\">\n\t\t\t\t\t<h2 class=\"elementor-heading-title elementor-size-default\">Creiem en la import\u00e0ncia de la conciliaci\u00f3 laboral i familiar<\/h2>\t\t\t\t<\/div>\n\t\t\t\t<\/div>\n\t\t\t\t<div class=\"elementor-element elementor-element-14b72e7 elementor-widget-divider--view-line elementor-widget elementor-widget-divider\" data-id=\"14b72e7\" data-element_type=\"widget\" data-e-type=\"widget\" data-widget_type=\"divider.default\">\n\t\t\t\t<div class=\"elementor-widget-container\">\n\t\t\t\t\t\t\t<div class=\"elementor-divider\">\n\t\t\t<span class=\"elementor-divider-separator\">\n\t\t\t\t\t\t<\/span>\n\t\t<\/div>\n\t\t\t\t\t\t<\/div>\n\t\t\t\t<\/div>\n\t\t\t\t<div class=\"elementor-element elementor-element-21d8720 elementor-widget elementor-widget-text-editor\" data-id=\"21d8720\" data-element_type=\"widget\" data-e-type=\"widget\" data-widget_type=\"text-editor.default\">\n\t\t\t\t<div class=\"elementor-widget-container\">\n\t\t\t\t\t\t\t\t\t<p>Facilitem que puguis impulsar i desenvolupar els teus interessos. T\u2019oferim beneficis per a satisfer les teves necessitats personals, familiars i professionals. Incloent un horari flexible amb opci\u00f3 a teletreball.<span class=\"Apple-converted-space\">\u00a0<\/span><\/p>\n\t\t\t\t\t\t\t\t<\/div>\n\t\t\t\t<\/div>\n\t\t\t\t\t<\/div>\n\t\t<\/div>\n\t\t\t\t<div class=\"elementor-column elementor-col-50 elementor-inner-column elementor-element elementor-element-265e068\" data-id=\"265e068\" data-element_type=\"column\" data-e-type=\"column\" data-settings=\"{&quot;background_background&quot;:&quot;classic&quot;}\">\n\t\t\t<div class=\"elementor-widget-wrap elementor-element-populated\">\n\t\t\t\t\t\t<div class=\"elementor-element elementor-element-fe83722 elementor-widget elementor-widget-image\" data-id=\"fe83722\" data-element_type=\"widget\" data-e-type=\"widget\" data-widget_type=\"image.default\">\n\t\t\t\t<div class=\"elementor-widget-container\">\n\t\t\t\t\t\t\t\t\t\t\t\t\t\t\t<img loading=\"lazy\" decoding=\"async\" width=\"55\" height=\"60\" src=\"https:\/\/beselfbrands.com\/wp-content\/uploads\/2022\/09\/Juguete.png\" class=\"attachment-large size-large wp-image-1108\" alt=\"\" \/>\t\t\t\t\t\t\t\t\t\t\t\t\t\t\t<\/div>\n\t\t\t\t<\/div>\n\t\t\t\t<div class=\"elementor-element elementor-element-4d32a54 elementor-widget elementor-widget-heading\" data-id=\"4d32a54\" data-element_type=\"widget\" data-e-type=\"widget\" data-widget_type=\"heading.default\">\n\t\t\t\t<div class=\"elementor-widget-container\">\n\t\t\t\t\t<h2 class=\"elementor-heading-title elementor-size-default\">Volem que gaudeixis i et posis reptes, que construeixis la teva carrera.<\/h2>\t\t\t\t<\/div>\n\t\t\t\t<\/div>\n\t\t\t\t<div class=\"elementor-element elementor-element-41f0e2a elementor-widget-divider--view-line elementor-widget elementor-widget-divider\" data-id=\"41f0e2a\" data-element_type=\"widget\" data-e-type=\"widget\" data-widget_type=\"divider.default\">\n\t\t\t\t<div class=\"elementor-widget-container\">\n\t\t\t\t\t\t\t<div class=\"elementor-divider\">\n\t\t\t<span class=\"elementor-divider-separator\">\n\t\t\t\t\t\t<\/span>\n\t\t<\/div>\n\t\t\t\t\t\t<\/div>\n\t\t\t\t<\/div>\n\t\t\t\t<div class=\"elementor-element elementor-element-374ff1f elementor-widget elementor-widget-text-editor\" data-id=\"374ff1f\" data-element_type=\"widget\" data-e-type=\"widget\" data-widget_type=\"text-editor.default\">\n\t\t\t\t<div class=\"elementor-widget-container\">\n\t\t\t\t\t\t\t\t\t<p>Apostem per una organitzaci\u00f3 horitzontal. En la que cada persona t\u00e9 la llibertat de gestionar el seu dia a dia per complir els seus objectius i desenvolupar i impulsar noves habilitats.<span class=\"Apple-converted-space\">\u00a0<\/span><\/p>\n\t\t\t\t\t\t\t\t<\/div>\n\t\t\t\t<\/div>\n\t\t\t\t\t<\/div>\n\t\t<\/div>\n\t\t\t\t\t<\/div>\n\t\t<\/section>\n\t\t\t\t<section class=\"elementor-section elementor-inner-section elementor-element elementor-element-7e6f16e elementor-section-boxed elementor-section-height-default elementor-section-height-default\" data-id=\"7e6f16e\" data-element_type=\"section\" data-e-type=\"section\" data-settings=\"{&quot;jet_parallax_layout_list&quot;:[]}\">\n\t\t\t\t\t\t<div class=\"elementor-container elementor-column-gap-default\">\n\t\t\t\t\t<div class=\"elementor-column elementor-col-100 elementor-inner-column elementor-element elementor-element-76a7002\" data-id=\"76a7002\" data-element_type=\"column\" data-e-type=\"column\">\n\t\t\t<div class=\"elementor-widget-wrap elementor-element-populated\">\n\t\t\t\t\t\t<div class=\"elementor-element elementor-element-ab39e7b elementor-widget elementor-widget-text-editor\" data-id=\"ab39e7b\" data-element_type=\"widget\" data-e-type=\"widget\" data-widget_type=\"text-editor.default\">\n\t\t\t\t<div class=\"elementor-widget-container\">\n\t\t\t\t\t\t\t\t\t<p>Troba la teva vacant perfecta!<\/p>\n\t\t\t\t\t\t\t\t<\/div>\n\t\t\t\t<\/div>\n\t\t\t\t<div class=\"elementor-element elementor-element-6177216 elementor-align-center elementor-widget elementor-widget-button\" data-id=\"6177216\" data-element_type=\"widget\" data-e-type=\"widget\" data-widget_type=\"button.default\">\n\t\t\t\t<div class=\"elementor-widget-container\">\n\t\t\t\t\t\t\t\t\t<div class=\"elementor-button-wrapper\">\n\t\t\t\t\t<a class=\"elementor-button elementor-button-link elementor-size-sm\" href=\"https:\/\/careers.pratbrands.com\/jobs\">\n\t\t\t\t\t\t<span class=\"elementor-button-content-wrapper\">\n\t\t\t\t\t\t<span class=\"elementor-button-icon\">\n\t\t\t\t<svg xmlns=\"http:\/\/www.w3.org\/2000\/svg\" viewBox=\"0 0 320 512\"><path d=\"M312 352c-4.419 0-7.999-3.58-7.999-7.999V123.3l-290.3 290.3c-3.116 3.116-8.187 3.127-11.31 0s-3.116-8.198 0-11.31l290.3-290.3H71.1C67.58 111.1 64 108.4 64 103.1S67.58 96 71.1 96h240C316.4 96 320 99.58 320 103.1v240C320 348.4 316.4 352 312 352z\"><\/path><\/svg>\t\t\t<\/span>\n\t\t\t\t\t\t\t\t\t<span class=\"elementor-button-text\">Descobreix les nostres ofertes<\/span>\n\t\t\t\t\t<\/span>\n\t\t\t\t\t<\/a>\n\t\t\t\t<\/div>\n\t\t\t\t\t\t\t\t<\/div>\n\t\t\t\t<\/div>\n\t\t\t\t\t<\/div>\n\t\t<\/div>\n\t\t\t\t\t<\/div>\n\t\t<\/section>\n\t\t\t\t\t<\/div>\n\t\t<\/div>\n\t\t\t\t\t<\/div>\n\t\t<\/section>\n\t\t\t\t<section class=\"elementor-section elementor-top-section elementor-element elementor-element-641a3e3 elementor-section-full_width elementor-section-height-default elementor-section-height-default\" data-id=\"641a3e3\" data-element_type=\"section\" data-e-type=\"section\" data-settings=\"{&quot;background_background&quot;:&quot;classic&quot;,&quot;jet_parallax_layout_list&quot;:[]}\">\n\t\t\t\t\t\t<div class=\"elementor-container elementor-column-gap-default\">\n\t\t\t\t\t<div class=\"elementor-column elementor-col-100 elementor-top-column elementor-element elementor-element-52c68d0\" data-id=\"52c68d0\" data-element_type=\"column\" data-e-type=\"column\">\n\t\t\t<div class=\"elementor-widget-wrap elementor-element-populated\">\n\t\t\t\t\t\t<section class=\"elementor-section elementor-inner-section elementor-element elementor-element-19a6a89 elementor-section-boxed elementor-section-height-default elementor-section-height-default\" data-id=\"19a6a89\" data-element_type=\"section\" data-e-type=\"section\" data-settings=\"{&quot;jet_parallax_layout_list&quot;:[]}\">\n\t\t\t\t\t\t<div class=\"elementor-container elementor-column-gap-default\">\n\t\t\t\t\t<div class=\"elementor-column elementor-col-100 elementor-inner-column elementor-element elementor-element-e1b85af\" data-id=\"e1b85af\" data-element_type=\"column\" data-e-type=\"column\">\n\t\t\t<div class=\"elementor-widget-wrap elementor-element-populated\">\n\t\t\t\t\t\t<div class=\"elementor-element elementor-element-e9cabb4 elementor-widget elementor-widget-heading\" data-id=\"e9cabb4\" data-element_type=\"widget\" data-e-type=\"widget\" data-widget_type=\"heading.default\">\n\t\t\t\t<div class=\"elementor-widget-container\">\n\t\t\t\t\t<span class=\"elementor-heading-title elementor-size-default\">BENEFECIOS QUE TE OFRECEMOS<\/span>\t\t\t\t<\/div>\n\t\t\t\t<\/div>\n\t\t\t\t\t<\/div>\n\t\t<\/div>\n\t\t\t\t\t<\/div>\n\t\t<\/section>\n\t\t\t\t<div class=\"elementor-element elementor-element-1a9a384 elementor-widget elementor-widget-jet-carousel\" data-id=\"1a9a384\" data-element_type=\"widget\" data-e-type=\"widget\" data-settings=\"{&quot;slides_to_show&quot;:&quot;4&quot;,&quot;slides_to_show_tablet&quot;:&quot;3&quot;,&quot;slides_to_show_mobile&quot;:&quot;1&quot;,&quot;slides_to_scroll&quot;:&quot;1&quot;}\" data-widget_type=\"jet-carousel.default\">\n\t\t\t\t<div class=\"elementor-widget-container\">\n\t\t\t\t\t<div class=\"elementor-jet-carousel jet-elements\"><div class=\"jet-carousel-wrap jet-equal-cols\">\n\t<div class=\"jet-carousel\" data-slider_options=\"{&quot;autoplaySpeed&quot;:5000,&quot;autoplay&quot;:true,&quot;infinite&quot;:true,&quot;centerMode&quot;:false,&quot;centerPadding&quot;:&quot;50px&quot;,&quot;pauseOnHover&quot;:false,&quot;speed&quot;:500,&quot;arrows&quot;:false,&quot;dots&quot;:false,&quot;variableWidth&quot;:true,&quot;prevArrow&quot;:&quot;.jet-carousel__prev-arrow-1a9a384&quot;,&quot;nextArrow&quot;:&quot;.jet-carousel__next-arrow-1a9a384&quot;,&quot;rtl&quot;:false,&quot;fractionNav&quot;:false}\" dir=\"ltr\">\n\t<div class=\"elementor-slick-slider\">\n\n<div class=\"jet-carousel__item\">\n\t<div class=\"jet-carousel__item-inner\"><img decoding=\"async\" src=\"http:\/\/beselfbrands.com\/wp-content\/uploads\/2023\/09\/13.jpg\" class=\"jet-carousel__item-img\" alt=\"13\" loading=\"lazy\"><div class=\"jet-carousel__content\"><h2 class=\"jet-carousel__item-title\">Gimn\u00e0s<\/h2><\/div><\/div>\n<\/div>\n\n<div class=\"jet-carousel__item\">\n\t<div class=\"jet-carousel__item-inner\"><img decoding=\"async\" src=\"http:\/\/beselfbrands.com\/wp-content\/uploads\/2023\/09\/9.jpg\" class=\"jet-carousel__item-img\" alt=\"9\" loading=\"lazy\"><div class=\"jet-carousel__content\"><h2 class=\"jet-carousel__item-title\">Pista de p\u00e0del<\/h2><\/div><\/div>\n<\/div>\n\n<div class=\"jet-carousel__item\">\n\t<div class=\"jet-carousel__item-inner\"><img decoding=\"async\" src=\"http:\/\/beselfbrands.com\/wp-content\/uploads\/2022\/09\/entrenador.jpg\" class=\"jet-carousel__item-img\" alt=\"entrenador\" loading=\"lazy\"><div class=\"jet-carousel__content\"><h2 class=\"jet-carousel__item-title\">Entrenador personal<\/h2><\/div><\/div>\n<\/div>\n\n<div class=\"jet-carousel__item\">\n\t<div class=\"jet-carousel__item-inner\"><img decoding=\"async\" src=\"http:\/\/beselfbrands.com\/wp-content\/uploads\/2022\/09\/menu.jpg\" class=\"jet-carousel__item-img\" alt=\"menu\" loading=\"lazy\"><div class=\"jet-carousel__content\"><h2 class=\"jet-carousel__item-title\">Men\u00fa diari amb xef<\/h2><\/div><\/div>\n<\/div>\n\n<div class=\"jet-carousel__item\">\n\t<div class=\"jet-carousel__item-inner\"><img decoding=\"async\" src=\"http:\/\/beselfbrands.com\/wp-content\/uploads\/2022\/09\/ingles-1.jpg\" class=\"jet-carousel__item-img\" alt=\"ingles\" loading=\"lazy\"><div class=\"jet-carousel__content\"><h2 class=\"jet-carousel__item-title\">Classes d'angl\u00e8s<\/h2><\/div><\/div>\n<\/div>\n\n<div class=\"jet-carousel__item\">\n\t<div class=\"jet-carousel__item-inner\"><img decoding=\"async\" src=\"http:\/\/beselfbrands.com\/wp-content\/uploads\/2022\/09\/reiki-1.jpg\" class=\"jet-carousel__item-img\" alt=\"reiki\" loading=\"lazy\"><div class=\"jet-carousel__content\"><h2 class=\"jet-carousel__item-title\">Reiki<\/h2><\/div><\/div>\n<\/div>\n\n<div class=\"jet-carousel__item\">\n\t<div class=\"jet-carousel__item-inner\"><img decoding=\"async\" src=\"http:\/\/beselfbrands.com\/wp-content\/uploads\/2023\/09\/25.jpg\" class=\"jet-carousel__item-img\" alt=\"25\" loading=\"lazy\"><div class=\"jet-carousel__content\"><h2 class=\"jet-carousel__item-title\">Fisioter\u00e0pia<\/h2><\/div><\/div>\n<\/div>\n\n<div class=\"jet-carousel__item\">\n\t<div class=\"jet-carousel__item-inner\"><img decoding=\"async\" src=\"http:\/\/beselfbrands.com\/wp-content\/uploads\/2022\/09\/psico.jpg\" class=\"jet-carousel__item-img\" alt=\"psico\" loading=\"lazy\"><div class=\"jet-carousel__content\"><h2 class=\"jet-carousel__item-title\">Psicologia<\/h2><\/div><\/div>\n<\/div>\n\n<div class=\"jet-carousel__item\">\n\t<div class=\"jet-carousel__item-inner\"><img decoding=\"async\" src=\"http:\/\/beselfbrands.com\/wp-content\/uploads\/2022\/09\/flexibilidad-1.jpg\" class=\"jet-carousel__item-img\" alt=\"flexibilidad\" loading=\"lazy\"><div class=\"jet-carousel__content\"><h2 class=\"jet-carousel__item-title\">Flexibilitat hor\u00e0ria<\/h2><\/div><\/div>\n<\/div>\n\n<div class=\"jet-carousel__item\">\n\t<div class=\"jet-carousel__item-inner\"><img decoding=\"async\" src=\"http:\/\/beselfbrands.com\/wp-content\/uploads\/2022\/09\/petfriendly-2.jpg\" class=\"jet-carousel__item-img\" alt=\"petfriendly\" loading=\"lazy\"><div class=\"jet-carousel__content\"><h2 class=\"jet-carousel__item-title\">Pet Friendly<\/h2><\/div><\/div>\n<\/div>\n\n<div class=\"jet-carousel__item\">\n\t<div class=\"jet-carousel__item-inner\"><img decoding=\"async\" src=\"http:\/\/beselfbrands.com\/wp-content\/uploads\/2022\/09\/babyfriendly-1.jpg\" class=\"jet-carousel__item-img\" alt=\"babyfriendly\" loading=\"lazy\"><div class=\"jet-carousel__content\"><h2 class=\"jet-carousel__item-title\">Baby Friendly<\/h2><\/div><\/div>\n<\/div>\n\n<div class=\"jet-carousel__item\">\n\t<div class=\"jet-carousel__item-inner\"><img decoding=\"async\" src=\"http:\/\/beselfbrands.com\/wp-content\/uploads\/2023\/09\/15.jpg\" class=\"jet-carousel__item-img\" alt=\"15\" loading=\"lazy\"><div class=\"jet-carousel__content\"><h2 class=\"jet-carousel__item-title\">Billar<\/h2><\/div><\/div>\n<\/div>\n\n<div class=\"jet-carousel__item\">\n\t<div class=\"jet-carousel__item-inner\"><img decoding=\"async\" src=\"http:\/\/beselfbrands.com\/wp-content\/uploads\/2022\/09\/ocio.jpg\" class=\"jet-carousel__item-img\" alt=\"ocio\" loading=\"lazy\"><div class=\"jet-carousel__content\"><h2 class=\"jet-carousel__item-title\">Zona d\u2019oci<\/h2><\/div><\/div>\n<\/div>\n\n<div class=\"jet-carousel__item\">\n\t<div class=\"jet-carousel__item-inner\"><img decoding=\"async\" src=\"http:\/\/beselfbrands.com\/wp-content\/uploads\/2023\/09\/18-1.jpg\" class=\"jet-carousel__item-img\" alt=\"18 (1)\" loading=\"lazy\"><div class=\"jet-carousel__content\"><h2 class=\"jet-carousel__item-title\">Biblioteca<\/h2><\/div><\/div>\n<\/div>\n<\/div><\/div>\n<\/div>\n<\/div>\t\t\t\t<\/div>\n\t\t\t\t<\/div>\n\t\t\t\t\t<\/div>\n\t\t<\/div>\n\t\t\t\t\t<\/div>\n\t\t<\/section>\n\t\t\t\t<\/div>\n\t\t","protected":false},"excerpt":{"rendered":"<p>Si et motiva ser la teva millor versi\u00f3, ho portes dins. Forma part del nostre equip! Troba la vacant perfecta. M\u00e9s que un grup, som una fam\u00edlia. Tots els que formem Beself Brands impulsem el que fem moguts per un mateix objectiu i uns valors compartits.\u00a0Creixent de la m\u00e0 tan personal com professionalment. La passi\u00f3 [&hellip;]<\/p>\n","protected":false},"author":4,"featured_media":0,"parent":0,"menu_order":0,"comment_status":"closed","ping_status":"closed","template":"","meta":{"_monsterinsights_skip_tracking":false,"_monsterinsights_sitenote_active":false,"_monsterinsights_sitenote_note":"","_monsterinsights_sitenote_category":0,"_uf_show_specific_survey":0,"_uf_disable_surveys":false,"footnotes":""},"class_list":["post-1680","page","type-page","status-publish","hentry"],"aioseo_notices":[],"_links":{"self":[{"href":"https:\/\/beselfbrands.com\/ca\/wp-json\/wp\/v2\/pages\/1680","targetHints":{"allow":["GET"]}}],"collection":[{"href":"https:\/\/beselfbrands.com\/ca\/wp-json\/wp\/v2\/pages"}],"about":[{"href":"https:\/\/beselfbrands.com\/ca\/wp-json\/wp\/v2\/types\/page"}],"author":[{"embeddable":true,"href":"https:\/\/beselfbrands.com\/ca\/wp-json\/wp\/v2\/users\/4"}],"replies":[{"embeddable":true,"href":"https:\/\/beselfbrands.com\/ca\/wp-json\/wp\/v2\/comments?post=1680"}],"version-history":[{"count":19,"href":"https:\/\/beselfbrands.com\/ca\/wp-json\/wp\/v2\/pages\/1680\/revisions"}],"predecessor-version":[{"id":2789,"href":"https:\/\/beselfbrands.com\/ca\/wp-json\/wp\/v2\/pages\/1680\/revisions\/2789"}],"wp:attachment":[{"href":"https:\/\/beselfbrands.com\/ca\/wp-json\/wp\/v2\/media?parent=1680"}],"curies":[{"name":"wp","href":"https:\/\/api.w.org\/{rel}","templated":true}]}}