{"id":2263,"date":"2022-09-27T16:33:02","date_gmt":"2022-09-27T16:33:02","guid":{"rendered":"http:\/\/beselfbrands.com\/avis-legal\/"},"modified":"2022-10-10T12:21:28","modified_gmt":"2022-10-10T12:21:28","slug":"avis-legal","status":"publish","type":"page","link":"https:\/\/beselfbrands.com\/ca\/avis-legal\/","title":{"rendered":"Av\u00eds Legal"},"content":{"rendered":"\t\t<div data-elementor-type=\"wp-page\" data-elementor-id=\"2263\" class=\"elementor elementor-2263 elementor-1751\" data-elementor-post-type=\"page\">\n\t\t\t\t\t\t<section class=\"elementor-section elementor-top-section elementor-element elementor-element-9ace85e elementor-section-boxed elementor-section-height-default elementor-section-height-default\" data-id=\"9ace85e\" data-element_type=\"section\" data-e-type=\"section\" data-settings=\"{&quot;jet_parallax_layout_list&quot;:[]}\">\n\t\t\t\t\t\t<div class=\"elementor-container elementor-column-gap-default\">\n\t\t\t\t\t<div class=\"elementor-column elementor-col-100 elementor-top-column elementor-element elementor-element-6f9c3ca\" data-id=\"6f9c3ca\" data-element_type=\"column\" data-e-type=\"column\">\n\t\t\t<div class=\"elementor-widget-wrap elementor-element-populated\">\n\t\t\t\t\t\t\t<\/div>\n\t\t<\/div>\n\t\t\t\t\t<\/div>\n\t\t<\/section>\n\t\t\t\t<section class=\"elementor-section elementor-top-section elementor-element elementor-element-15352e2 elementor-section-boxed elementor-section-height-default elementor-section-height-default\" data-id=\"15352e2\" data-element_type=\"section\" data-e-type=\"section\" data-settings=\"{&quot;jet_parallax_layout_list&quot;:[]}\">\n\t\t\t\t\t\t<div class=\"elementor-container elementor-column-gap-default\">\n\t\t\t\t\t<div class=\"elementor-column elementor-col-100 elementor-top-column elementor-element elementor-element-955e212\" data-id=\"955e212\" data-element_type=\"column\" data-e-type=\"column\">\n\t\t\t<div class=\"elementor-widget-wrap elementor-element-populated\">\n\t\t\t\t\t\t<div class=\"elementor-element elementor-element-708e984 elementor-widget elementor-widget-text-editor\" data-id=\"708e984\" data-element_type=\"widget\" data-e-type=\"widget\" data-widget_type=\"text-editor.default\">\n\t\t\t\t<div class=\"elementor-widget-container\">\n\t\t\t\t\t\t\t\t\t<p><b>DADES IDENTIFICATIVES DEL PRESTADOR DE SERVEIS DE LA SOCIETAT DE LA INFORMACI\u00d3<\/b><\/p>\n<p>De conformitat amb l\u2019article 10 de la <b>Llei 34\/2002<\/b>, d&#8217;11 de juliol, de \u201c<b>Serveis de la Societat de la Informaci\u00f3 i Comer\u00e7 Electr\u00f2nic (LSSI)<\/b>\u201d, posem en el seu coneixement la seg\u00fcent informaci\u00f3:<\/p>\n<p><b>BESELF BRANDS, S.L., [<\/b>d&#8217;ara endavant<b> BESELF BRANDS], <\/b>\u00e9s el titular del portal Web beselfbrands.com, que actua exclusivament com a explotadora, i gestora dels continguts del portal Web domiciliada en: C\/ BLANQUERS, PARCEL\u00b7LA 7\/8 &#8211; 43800 VALLS, NIF B65114373, Inscrita en el Registre Mercantil de Tarragona Tom 2847, Foli 6, Fulla T47561, Inscripci\u00f3 4a, \u00e9s l&#8217;encarregada de l&#8217;explotaci\u00f3, gesti\u00f3 i funcionament del portal Web esmentat anteriorment.<\/p>\n<p>Si vol contactar amb nosaltres, pot fer-ho mitjan\u00e7ant el correu electr\u00f2nic<b> <\/b><a href=\"mailto:info@beselfbrands.com\"><b>info@beselfbrands.com<\/b><\/a><\/p>\n<p><b>INTRODUCCI\u00d3<\/b><\/p>\n<p>El present Av\u00eds legal regula l&#8217;\u00fas d&#8217;aquesta p\u00e0gina web. L&#8217;acc\u00e9s a la web \u00e9s gratu\u00eft excepte, pel que fa, al cost de la connexi\u00f3 a trav\u00e9s de la xarxa de telecomunicacions subministrada pel prove\u00efdor d&#8217;acc\u00e9s contractat pels usuaris.<\/p>\n<p><b>ACCEPTACI\u00d3<\/b><\/p>\n<p>La utilitzaci\u00f3 del portal Web atribueix la condici\u00f3 d&#8217;usuari, i implica l&#8217;acceptaci\u00f3 total i sense reserves de totes i cadascuna de les disposicions incloses en aquest Av\u00eds Legal, en la versi\u00f3 publicada per a <b>BESELF BRANDS<\/b> en el mateix moment en qu\u00e8 l&#8217;usuari accedeixi a la Web. En conseq\u00fc\u00e8ncia, l&#8217;usuari ha de llegir atentament el present <b>Av\u00eds Legal<\/b> en cadascuna de les ocasions en qu\u00e8 es proposi utilitzar la Web, ja que pot sofrir modificacions.<\/p>\n<p><b>INFORMACI\u00d3 SOBRE ELS VINCLES \u201cLINKS\u201d<\/b><\/p>\n<p><b>BESELF BRANDS<\/b> no es fa responsable de les webs no pr\u00f2pies o de tercers, a les quals es pot accedir mitjan\u00e7ant vincles \u201clinks\u201d o de qualsevol contingut posat a disposici\u00f3 per tercers.<\/p>\n<p>Qualsevol \u00fas d&#8217;un vincle o acc\u00e9s a una Web no pr\u00f2pia \u00e9s realitzat per voluntat i risc exclusiu de l&#8217;usuari, <b>BESELF BRANDS<\/b> no recomana ni garanteix cap informaci\u00f3 obtinguda a trav\u00e9s d&#8217;un vincle ali\u00e8 a la web de<b> beselfbrands.com<\/b>, ni es responsabilitza de cap p\u00e8rdua, reclamaci\u00f3 o perjudici derivada de l&#8217;\u00fas o mal \u00fas d&#8217;un vincle, o de la informaci\u00f3 obtinguda a trav\u00e9s d&#8217;ell, incloent-hi altres vincles o webs, de la interrupci\u00f3 en el servei o en l&#8217;acc\u00e9s, o de l&#8217;\u00fas o mal \u00fas d&#8217;un vincle, tant en connectar al portal Web <b>beselfbrands.com<\/b> com en accedir a la informaci\u00f3 d&#8217;altres webs des del mateix portal Web.<\/p>\n<p><b><br \/>\nLIMITACI\u00d3 DE GARANTIES I RESPONSABILITATS<\/b><\/p>\n<p><b>BESELF BRANDS <\/b>fa tot el possible per a evitar qualsevol error en relaci\u00f3 amb els continguts d\u2019aquesta p\u00e0gina web.<b><span class=\"Apple-converted-space\">\u00a0<\/span><\/b><\/p>\n<p><b>BESELF BRANDS <\/b>adopta les mesures i els mecanismes necessaris per a<span class=\"Apple-converted-space\">\u00a0 <\/span>garantir la seguretat de les comunicacions i les transaccions que es produeixen mitjan\u00e7ant el portal web, segons l\u2019estat de la tecnologia i d&#8217;acord amb la tipologia de les transaccions i dels serveis que es posen a disposici\u00f3 dels usuaris.<\/p>\n<p><b>BESELF BRANDS <\/b>no<b> <\/b>ser\u00e0 responsable dels danys que es puguin ocasionar al sistema inform\u00e0tic dels usuaris per qualsevol causa aliena o no imputable a aquest lloc web, inclosos, sense limitacions, els danys ocasionats a causa d\u2019interfer\u00e8ncies, omissions, interrupcions, virus inform\u00e0tics, avaries telef\u00f2niques o desconnexions en el funcionament operatiu del sistema electr\u00f2nic. Aix\u00ed mateix, <b>BESELF BRANDS<\/b> tampoc respondr\u00e0 de cap interrupci\u00f3, error o fallada que es produeixi en el sistema, a causa d&#8217;un mal funcionament de la xarxa o dels servidors que estan connectats.<\/p>\n<p><b>PROPIETAT INTEL\u00b7LECTUAL I INDUSTRIAL, MARQUES REGISTRADES<span class=\"Apple-converted-space\">\u00a0<\/span><\/b><\/p>\n<p>L&#8217;estructura, disseny i forma de presentaci\u00f3 dels elements (gr\u00e0fics, imatges, fitxers, logotips, combinacions de colors i qualsevol element susceptible de protecci\u00f3) estan protegits per drets de propietat intel\u00b7lectual, titularitat de <b>BESELF BRANDS.<\/b><\/p>\n<p>Est\u00e0 prohibida la reproducci\u00f3, la transformaci\u00f3, la distribuci\u00f3, la comunicaci\u00f3 p\u00fablica, i en general qualsevol altra forma d&#8217;explotaci\u00f3, parcial o total dels elements referits en l&#8217;apartat anterior. Aquests actes d&#8217;explotaci\u00f3 nom\u00e9s podran ser realitzats en virtut de l&#8217;autoritzaci\u00f3 expressa de <b>BESELF BRANDS<\/b> i que, en tot cas, hauran de fer refer\u00e8ncia expl\u00edcita a la titularitat dels citats drets de propietat intel\u00b7lectual de <b>BESELF BRANDS.<\/b><\/p>\n<p>Nom\u00e9s est\u00e0 autoritzat per a l&#8217;\u00fas privat del material documental elaborat per a <b>BESELF BRANDS.<\/b> En cap cas, podr\u00e0 suprimir, alterar, eludir o manipular qualsevol dispositiu de protecci\u00f3 o sistemes de seguretat que pugui estar instal\u00b7lat.<\/p>\n<p>Excepte autoritzaci\u00f3 expressa de <b>BESELF BRANDS<\/b> no es permet l&#8217;enlla\u00e7 a \u201cp\u00e0gines finals\u201d, el \u201cframe\u201d i qualsevol altra manipulaci\u00f3 similar. Els enlla\u00e7os han de ser sempre en la p\u00e0gina principal o \u201chome page\u201d de <b>beselfbrands.com<\/b><\/p>\n<p>Els signes distintius (marques, noms comercials) de <b>BESELF BRANDS<\/b> estan protegits per drets de propietat industrial, quedant prohibida la utilitzaci\u00f3 o manipulaci\u00f3 de qualsevol d&#8217;aquests, excepte autoritzaci\u00f3 expressa i per escrit de <b>BESELF BRANDS.<\/b><\/p>\n<p><b>NO COMPARTEIXI LA SEVA INFORMACI\u00d3 PERSONAL<\/b><\/p>\n<p><b>BESELF BRANDS<\/b> mai li enviar\u00e0 un correu electr\u00f2nic ni li trucar\u00e0 per tel\u00e8fon per a demanar-li que reveli o verifiqui la contrasenya del seu compte, ni els seus n\u00fameros de compte banc\u00e0ria o targeta de cr\u00e8dit, ni qualsevol altre tipus d&#8217;informaci\u00f3 personal. En cas que alg\u00fa contacti amb vost\u00e8 o de rebre un correu electr\u00f2nic no sol\u00b7licitat que li demani algun de les dades anteriors, no respongui i comuniqui&#8217;l immediatament a <b>BESELF BRANDS<\/b>, perqu\u00e8 procedeixin a la recerca de l&#8217;incident.<\/p>\n<p><b>IDENTIFIQUI ELS CORREUS ELECTR\u00d2NICS FALSOS (intents de &#8216;spoofing&#8217; o &#8216;phishing&#8217;)<\/b><\/p>\n<p>Ignori tot correu electr\u00f2nic que rebi en el que se li sol\u00b7liciti informaci\u00f3 personal o que li redirigeixi en una altra p\u00e0gina web que no sigui propietat de <b>BESELF BRANDS<\/b>, o de societats del grup, o que li demani que pagui per un mitj\u00e0 diferent de l&#8217;autoritzat per <b>BESELF BRANDS<\/b>, ja que podria ser un intent de suplantaci\u00f3 de personalitat (&#8216;spoofing&#8217; o &#8216;phishing&#8217;), i haur\u00e0 de considerar-ho fraudulent.<\/p>\n<p><b>BESELF BRANDS <\/b>utilitza el domini <b>\u201cbeselfbrands.com\u201d<\/b> per als seus correus electr\u00f2nics. Si vost\u00e8 rep un correu electr\u00f2nic amb un format diferent, per exemple: beselfbrands.security@hotmail.com, pot estar segur que \u00e9s un correu fals.<\/p>\n<p>Alguns correus electr\u00f2nics que practiquen phishing contenen enlla\u00e7os a llocs web que utilitzen la paraula &#8220;<b>BESELF BRANDS<\/b>\u201d en la seva URL, per\u00f2 li dirigiran a un lloc web completament diferent. Si despla\u00e7a el ratol\u00ed per sobre de l&#8217;enlla\u00e7, podr\u00e0 veure la URL associada, que probablement tindr\u00e0 un format diferent de les enlla\u00e7ades en els llocs web aut\u00e8ntics de <b>BESELF BRANDS<\/b>.<\/p>\n<p>Si aix\u00ed i tot vost\u00e8 fa clic en un correu electr\u00f2nic que practica phishing i \u00e9s redirigit a una p\u00e0gina que s&#8217;assembli a &#8220;Al seu Compte&#8221; o a qualsevol que li sol\u00b7liciti verificar o modificar la seva informaci\u00f3 personal, ignori-la i consideri-la com a fraudulenta.<\/p>\n<p><b>COMUNIQUI ELS INTENTS DE &#8216;phishing&#8217;<\/b><\/p>\n<p>Envi\u00ef un correu electr\u00f2nic a l&#8217;adre\u00e7a <b>comunicaciones@beselfbrands.com<\/b> i adjunti el correu electr\u00f2nic que consideri fals. En facilitar-nos aquesta informaci\u00f3 ens est\u00e0 ajudant a localitzar el seu origen.<\/p>\n<p>Si no pot adjuntar el correu electr\u00f2nic fals, reexpedeixi&#8217;l a <b>comunicaciones@beselfbrands.com<\/b> i inclogui la major quantitat d&#8217;informaci\u00f3 possible sobre aquest.<\/p>\n\t\t\t\t\t\t\t\t<\/div>\n\t\t\t\t<\/div>\n\t\t\t\t\t<\/div>\n\t\t<\/div>\n\t\t\t\t\t<\/div>\n\t\t<\/section>\n\t\t\t\t<\/div>\n\t\t","protected":false},"excerpt":{"rendered":"<p>DADES IDENTIFICATIVES DEL PRESTADOR DE SERVEIS DE LA SOCIETAT DE LA INFORMACI\u00d3 De conformitat amb l\u2019article 10 de la Llei 34\/2002, d&#8217;11 de juliol, de \u201cServeis de la Societat de la Informaci\u00f3 i Comer\u00e7 Electr\u00f2nic (LSSI)\u201d, posem en el seu coneixement la seg\u00fcent informaci\u00f3: BESELF BRANDS, S.L., [d&#8217;ara endavant BESELF BRANDS], \u00e9s el titular del [&hellip;]<\/p>\n","protected":false},"author":4,"featured_media":0,"parent":0,"menu_order":0,"comment_status":"closed","ping_status":"open","template":"","meta":{"_monsterinsights_skip_tracking":false,"_monsterinsights_sitenote_active":false,"_monsterinsights_sitenote_note":"","_monsterinsights_sitenote_category":0,"_uf_show_specific_survey":0,"_uf_disable_surveys":false,"footnotes":""},"class_list":["post-2263","page","type-page","status-publish","hentry"],"aioseo_notices":[],"_links":{"self":[{"href":"https:\/\/beselfbrands.com\/ca\/wp-json\/wp\/v2\/pages\/2263","targetHints":{"allow":["GET"]}}],"collection":[{"href":"https:\/\/beselfbrands.com\/ca\/wp-json\/wp\/v2\/pages"}],"about":[{"href":"https:\/\/beselfbrands.com\/ca\/wp-json\/wp\/v2\/types\/page"}],"author":[{"embeddable":true,"href":"https:\/\/beselfbrands.com\/ca\/wp-json\/wp\/v2\/users\/4"}],"replies":[{"embeddable":true,"href":"https:\/\/beselfbrands.com\/ca\/wp-json\/wp\/v2\/comments?post=2263"}],"version-history":[{"count":1,"href":"https:\/\/beselfbrands.com\/ca\/wp-json\/wp\/v2\/pages\/2263\/revisions"}],"predecessor-version":[{"id":2264,"href":"https:\/\/beselfbrands.com\/ca\/wp-json\/wp\/v2\/pages\/2263\/revisions\/2264"}],"wp:attachment":[{"href":"https:\/\/beselfbrands.com\/ca\/wp-json\/wp\/v2\/media?parent=2263"}],"curies":[{"name":"wp","href":"https:\/\/api.w.org\/{rel}","templated":true}]}}