{"id":2268,"date":"2022-08-10T08:36:23","date_gmt":"2022-08-10T06:36:23","guid":{"rendered":"http:\/\/beselfbrands.com\/politica-de-privacitat\/"},"modified":"2025-06-26T12:39:20","modified_gmt":"2025-06-26T10:39:20","slug":"politica-de-privacitat","status":"publish","type":"page","link":"https:\/\/beselfbrands.com\/ca\/politica-de-privacitat\/","title":{"rendered":"Pol\u00edtica de Privacitat"},"content":{"rendered":"\t\t<div data-elementor-type=\"wp-page\" data-elementor-id=\"2268\" class=\"elementor elementor-2268 elementor-3\" data-elementor-post-type=\"page\">\n\t\t\t\t\t\t<section class=\"elementor-section elementor-top-section elementor-element elementor-element-9ace85e elementor-section-boxed elementor-section-height-default elementor-section-height-default\" data-id=\"9ace85e\" data-element_type=\"section\" data-e-type=\"section\" data-settings=\"{&quot;jet_parallax_layout_list&quot;:[]}\">\n\t\t\t\t\t\t<div class=\"elementor-container elementor-column-gap-default\">\n\t\t\t\t\t<div class=\"elementor-column elementor-col-100 elementor-top-column elementor-element elementor-element-6f9c3ca\" data-id=\"6f9c3ca\" data-element_type=\"column\" data-e-type=\"column\">\n\t\t\t<div class=\"elementor-widget-wrap elementor-element-populated\">\n\t\t\t\t\t\t\t<\/div>\n\t\t<\/div>\n\t\t\t\t\t<\/div>\n\t\t<\/section>\n\t\t\t\t<section class=\"elementor-section elementor-top-section elementor-element elementor-element-15352e2 elementor-section-boxed elementor-section-height-default elementor-section-height-default\" data-id=\"15352e2\" data-element_type=\"section\" data-e-type=\"section\" data-settings=\"{&quot;jet_parallax_layout_list&quot;:[]}\">\n\t\t\t\t\t\t<div class=\"elementor-container elementor-column-gap-default\">\n\t\t\t\t\t<div class=\"elementor-column elementor-col-100 elementor-top-column elementor-element elementor-element-955e212\" data-id=\"955e212\" data-element_type=\"column\" data-e-type=\"column\">\n\t\t\t<div class=\"elementor-widget-wrap elementor-element-populated\">\n\t\t\t\t\t\t<div class=\"elementor-element elementor-element-708e984 elementor-widget elementor-widget-text-editor\" data-id=\"708e984\" data-element_type=\"widget\" data-e-type=\"widget\" data-widget_type=\"text-editor.default\">\n\t\t\t\t<div class=\"elementor-widget-container\">\n\t\t\t\t\t\t\t\t\t<p><b>RESPONSABLE<\/b><\/p><p>De conformitat amb el que s&#8217;estableix pel <b>Reglament General (UE) 2016\/679 de Protecci\u00f3 de dades i la Llei org\u00e0nica 3\/2018 de Protecci\u00f3 de Dades personals i garantia dels drets digitals,<\/b> l&#8217;informem que les dades personals facilitades a trav\u00e9s dels formularis, aix\u00ed com la seva adre\u00e7a de correu electr\u00f2nic, han estat inclosos en un tractament titularitat de <b>BESELF BRANDS, S.A.<\/b>, [d&#8217;ara endavant <b>BESELF BRANDS<\/b>], amb domicili social en la C\/ BLANQUERS, PARCEL\u00b7LA 7\/8 &#8211; 43800 VALLS, NIF B65114373, Inscrita en el Registre Mercantil de Tarragona Tom 2847, Foli 6, Fulla T47561, Inscripci\u00f3 4a, \u00e9s l&#8217;encarregada de l&#8217;explotaci\u00f3, gesti\u00f3 i funcionament del portal Web esmentat anteriorment.<\/p><p>S&#8217;informa que les dades poden ser tractats amb la finalitat de facilitar informaci\u00f3 dels nostres productes i \/ o serveis per mitjans electr\u00f2nics, sempre que ens autoritzi el seu tractament. Les seves dades podran ser objecte de l&#8217;elaboraci\u00f3 de perfils, amb la finalitat d&#8217;aplicar un pla de fidelitzaci\u00f3 d&#8217;acord amb la vinculaci\u00f3 comercial del client i oferir ofertes que siguin adequades a les seves prefer\u00e8ncies. Vost\u00e8 podr\u00e0 en qualsevol moment oposar-se a aquesta mena de comunicacions, enviant un correu electr\u00f2nic a l&#8217;adre\u00e7a <b>comunicaciones@beselfbrands.com<\/b> i indicant en l&#8217;assumpte <b>&#8220;Baixa de la llista de distribuci\u00f3&#8221;<\/b>.<\/p><p>Aix\u00ed mateix, podr\u00e0 exercir els drets d&#8217;acc\u00e9s, rectificaci\u00f3, supressi\u00f3, oposici\u00f3, portabilitat i limitaci\u00f3, enviant un escrit acompanyat d&#8217;una fotoc\u00f2pia del D.N.I o document acreditatiu equivalent a la seg\u00fcent adre\u00e7a electr\u00f2nica: <b>comunicaciones@beselfbrands.com<\/b> indicant en l&#8217;assumpte <b>&#8220;Protecci\u00f3 de dades&#8221;<\/b>.<\/p><p><b>POL\u00cdTICA<\/b><\/p><p><b>BESELF BRANDS <\/b>est\u00e0 especialment sensibilitzat amb la protecci\u00f3 de les dades dels usuaris dels serveis que accedeixen al lloc web. Mitjan\u00e7ant la present Pol\u00edtica de Privacitat s&#8217;informa els usuaris de <b>beselfbrands.com<\/b> del tractament i usos als quals se sotmeten les dades personals que es recapten en la web mitjan\u00e7ant la <b>informaci\u00f3 addicional,<\/b> amb la finalitat que decideixin, lliure i volunt\u00e0riament, si desitgen facilitar la informaci\u00f3 sol\u00b7licitada.<\/p><p><b>MESURES DE SEGURETAT<\/b><\/p><p>Finalment s&#8217;informa que <b>BESELF BRANDS<\/b>, ha adoptat en el sistema d&#8217;informaci\u00f3 les mesures t\u00e8cniques i organitzatives adequades, a fi de garantir la seguretat i confidencialitat de les dades emmagatzemades, evitant aix\u00ed, la seva alteraci\u00f3, p\u00e8rdua, tractament o acc\u00e9s no autoritzat; tenint en compte l&#8217;estat de la t\u00e8cnica, els costos d&#8217;aplicaci\u00f3, i la naturalesa, l&#8217;abast, el context i les finalitats del tractament, aix\u00ed com riscos de probabilitat i gravetat variables associades a cadascun dels tractaments.<\/p><p><b>XARXES SOCIALS<br \/><\/b><\/p><p>S&#8217;informa que <b>BESELF BRANDS<\/b> pot tenir pres\u00e8ncia en xarxes socials. El tractament de les dades que es dugui a terme de les persones que es facin seguidores de les xarxes socials (i\/o realitzin qualsevol vincle o acci\u00f3 de connexi\u00f3 a trav\u00e9s de xarxes socials) de les p\u00e0gines web oficials de <b>BESELF BRANDS<\/b> es regir\u00e0 per aquest apartat, aix\u00ed com per aquelles condicions d&#8217;\u00fas, pol\u00edtiques de privacitat i normatives d&#8217;acc\u00e9s que pertanyin a la xarxa social que procedeixi en cada cas i siguin acceptades pr\u00e8viament per l&#8217;usuari.<\/p><p><b>BESELF BRANDS <\/b>tractar\u00e0 les seves dades amb la finalitat d&#8217;administrar correctament la seva pres\u00e8ncia en la xarxa social, informant d&#8217;activitats, productes o serveis de l&#8217;empresa, aix\u00ed com per a qualsevol altra finalitat que les normatives de les xarxes socials permetin.<\/p><p>Queda prohibida la publicaci\u00f3 de continguts:<\/p><ul><li>Que siguin presumptament il\u00b7l\u00edcits per a la normativa nacional, comunit\u00e0ria o internacional o que realitzin activitats presumptament il\u00b7l\u00edcites o contravinguin els principis de la bona fe.<\/li><\/ul><ul><li>Que atemptin contra els drets fonamentals de les persones, faltin a la cortesia dins de la xarxa social, molestin o puguin generar opinions negatives dels nostres usuaris o tercers i en general qualsevol contingut que <b>BESELF BRANDS<\/b> consideri inapropiat.<\/li><\/ul><ul><li>I en general que contravinguin els principis de legalitat, honor, responsabilitat, protecci\u00f3 de la dignitat humana, protecci\u00f3 de menors, protecci\u00f3 de l&#8217;ordre p\u00fablic, la protecci\u00f3 de la vida privada, la protecci\u00f3 del consumidor i els drets de propietat intel\u00b7lectual i industrial.<\/li><\/ul><p>Aix\u00ed mateix, <b>BESELF BRANDS<\/b> es reserva la potestat de retirar, sense previ av\u00eds, del Lloc web o de la xarxa social corporativa aquells continguts que es considerin inapropiats.<\/p><p>En tot cas, si vost\u00e8 remet informaci\u00f3 personal a trav\u00e9s de les xarxes socials, <b>BESELF BRANDS<\/b> quedar\u00e0 exempta de responsabilitat en relaci\u00f3 a les mesures de seguretat aplicables en li presenti Lloc web i l&#8217;usuari, en cas de con\u00e8ixer-les, ha de consultar les corresponents condicions particulars de la xarxa social en q\u00fcesti\u00f3.<\/p><p><b>DRETS DELS USUARIS<\/b><\/p><p>L&#8217;interessat de les dades personals podr\u00e0 exercitar els drets que li assisteixen, d&#8217;acord amb el Reglament General de Protecci\u00f3 de Dades i del Llei org\u00e0nica 3\/2018 de Protecci\u00f3 de dades personals i garantia dels drets digitals, i que s\u00f3n:<\/p><p><b>A.- <\/b>El dret <b>d&#8217;acc\u00e9s, <\/b>es podr\u00e0 exercitar amb periodicitat anual, excepte inter\u00e8s leg\u00edtim acreditat.<\/p><p><b>BESELF BRANDS, <\/b>procedir\u00e0 a notificar la seva decisi\u00f3 en el termini d&#8217;un mes. Si fora en sentit afirmatiu, l&#8217;interessat podr\u00e0 accedir a la referida informaci\u00f3 en el termini dels 10 dies seg\u00fcents a la seva notificaci\u00f3.<b><span class=\"Apple-converted-space\">\u00a0<\/span><\/b><\/p><p><b>B<\/b>.- Els drets de <b>rectificaci\u00f3<\/b> i <b>supressi\u00f3<\/b> podran ser exercitats, conformement a les seg\u00fcents previsions, sempre que l&#8217;interessat consideri que les dades recollides en els nostres tractaments s\u00f3n <i>inexactes, incomplets, inadequats o excessius.<\/i> En aquest cas, podr\u00e0 exercitar-los a trav\u00e9s d&#8217;algun dels mitjans anteriorment previstos.<\/p><p><b>BESELF BRANDS,<\/b> procedir\u00e0 a la rectificaci\u00f3 o supressi\u00f3 dins dels 10 dies seg\u00fcents al de la recepci\u00f3 de la sol\u00b7licitud.<\/p><p><b>C.- <\/b>El dret d&#8217;oposici\u00f3 podr\u00e0 ser exercitat, conformement a les seg\u00fcents previsions, sempre que l&#8217;interessat vulgui oposar-se al tractament de les seves dades personals tant si les dades es tracten l\u00edcitament per inter\u00e8s leg\u00edtim o consentiment relatiu a fins publicitaris<b>.<\/b><\/p><p><b>D.- <\/b>El dret de <b>portabilitat<\/b> podr\u00e0 ser exercitat, conformement a les seg\u00fcents previsions, sempre que l&#8217;interessat consideri que les dades recollides en els nostres tractaments han de ser retornats al titular de les dades, o en el seu cas a un tercer (Encarregat de tractament).<\/p><p><b>E.-<\/b> El dret de<b> limitaci\u00f3 del tractament<\/b> podr\u00e0 ser exercitat, pr\u00e8viament el dret d&#8217;oposici\u00f3 al tractament de les seves dades, i que mentre no es resolgui el dret d&#8217;oposici\u00f3, es limiti el tractament de les dades.<\/p><p><b>CANVI DE NORMATIVA<\/b><\/p><p><b>BESELF BRANDS, <\/b>es reserva el dret de modificar la present pol\u00edtica a fi d&#8217;adaptar-la a les novetats legislatives o jurisprudencials. Tals canvis seran comunicats amb l&#8217;antelaci\u00f3 que sigui necess\u00e0ria en la nostra p\u00e0gina web, sense perjudici de reclamar el consentiment necessari dels afectats quan aquest no es consideri atorgat conformement als termes de la present pol\u00edtica.<\/p><p>Qualsevol dubte, pregunta o comentari que pogu\u00e9s tenir en refer\u00e8ncia a la present normativa, no dubti a consultar-ho dirigint la seva comunicaci\u00f3 a:<b> info@beselfbrands.com<\/b><\/p>\t\t\t\t\t\t\t\t<\/div>\n\t\t\t\t<\/div>\n\t\t\t\t\t<\/div>\n\t\t<\/div>\n\t\t\t\t\t<\/div>\n\t\t<\/section>\n\t\t\t\t<\/div>\n\t\t","protected":false},"excerpt":{"rendered":"<p>RESPONSABLE De conformitat amb el que s&#8217;estableix pel Reglament General (UE) 2016\/679 de Protecci\u00f3 de dades i la Llei org\u00e0nica 3\/2018 de Protecci\u00f3 de Dades personals i garantia dels drets digitals, l&#8217;informem que les dades personals facilitades a trav\u00e9s dels formularis, aix\u00ed com la seva adre\u00e7a de correu electr\u00f2nic, han estat inclosos en un tractament [&hellip;]<\/p>\n","protected":false},"author":4,"featured_media":0,"parent":0,"menu_order":0,"comment_status":"closed","ping_status":"open","template":"","meta":{"_monsterinsights_skip_tracking":false,"_monsterinsights_sitenote_active":false,"_monsterinsights_sitenote_note":"","_monsterinsights_sitenote_category":0,"_uf_show_specific_survey":0,"_uf_disable_surveys":false,"footnotes":""},"class_list":["post-2268","page","type-page","status-publish","hentry"],"aioseo_notices":[],"_links":{"self":[{"href":"https:\/\/beselfbrands.com\/ca\/wp-json\/wp\/v2\/pages\/2268","targetHints":{"allow":["GET"]}}],"collection":[{"href":"https:\/\/beselfbrands.com\/ca\/wp-json\/wp\/v2\/pages"}],"about":[{"href":"https:\/\/beselfbrands.com\/ca\/wp-json\/wp\/v2\/types\/page"}],"author":[{"embeddable":true,"href":"https:\/\/beselfbrands.com\/ca\/wp-json\/wp\/v2\/users\/4"}],"replies":[{"embeddable":true,"href":"https:\/\/beselfbrands.com\/ca\/wp-json\/wp\/v2\/comments?post=2268"}],"version-history":[{"count":4,"href":"https:\/\/beselfbrands.com\/ca\/wp-json\/wp\/v2\/pages\/2268\/revisions"}],"predecessor-version":[{"id":3589,"href":"https:\/\/beselfbrands.com\/ca\/wp-json\/wp\/v2\/pages\/2268\/revisions\/3589"}],"wp:attachment":[{"href":"https:\/\/beselfbrands.com\/ca\/wp-json\/wp\/v2\/media?parent=2268"}],"curies":[{"name":"wp","href":"https:\/\/api.w.org\/{rel}","templated":true}]}}