{"id":2273,"date":"2022-09-27T16:34:43","date_gmt":"2022-09-27T16:34:43","guid":{"rendered":"http:\/\/beselfbrands.com\/politica-de-cookies\/"},"modified":"2022-10-10T12:25:08","modified_gmt":"2022-10-10T12:25:08","slug":"politica-de-cookies","status":"publish","type":"page","link":"https:\/\/beselfbrands.com\/ca\/politica-de-cookies\/","title":{"rendered":"Pol\u00edtica de cookies"},"content":{"rendered":"\t\t<div data-elementor-type=\"wp-page\" data-elementor-id=\"2273\" class=\"elementor elementor-2273 elementor-1758\" data-elementor-post-type=\"page\">\n\t\t\t\t\t\t<section class=\"elementor-section elementor-top-section elementor-element elementor-element-9ace85e elementor-section-boxed elementor-section-height-default elementor-section-height-default\" data-id=\"9ace85e\" data-element_type=\"section\" data-e-type=\"section\" data-settings=\"{&quot;jet_parallax_layout_list&quot;:[]}\">\n\t\t\t\t\t\t<div class=\"elementor-container elementor-column-gap-default\">\n\t\t\t\t\t<div class=\"elementor-column elementor-col-100 elementor-top-column elementor-element elementor-element-6f9c3ca\" data-id=\"6f9c3ca\" data-element_type=\"column\" data-e-type=\"column\">\n\t\t\t<div class=\"elementor-widget-wrap elementor-element-populated\">\n\t\t\t\t\t\t\t<\/div>\n\t\t<\/div>\n\t\t\t\t\t<\/div>\n\t\t<\/section>\n\t\t\t\t<section class=\"elementor-section elementor-top-section elementor-element elementor-element-15352e2 elementor-section-boxed elementor-section-height-default elementor-section-height-default\" data-id=\"15352e2\" data-element_type=\"section\" data-e-type=\"section\" data-settings=\"{&quot;jet_parallax_layout_list&quot;:[]}\">\n\t\t\t\t\t\t<div class=\"elementor-container elementor-column-gap-default\">\n\t\t\t\t\t<div class=\"elementor-column elementor-col-100 elementor-top-column elementor-element elementor-element-955e212\" data-id=\"955e212\" data-element_type=\"column\" data-e-type=\"column\">\n\t\t\t<div class=\"elementor-widget-wrap elementor-element-populated\">\n\t\t\t\t\t\t<div class=\"elementor-element elementor-element-708e984 elementor-widget elementor-widget-text-editor\" data-id=\"708e984\" data-element_type=\"widget\" data-e-type=\"widget\" data-widget_type=\"text-editor.default\">\n\t\t\t\t<div class=\"elementor-widget-container\">\n\t\t\t\t\t\t\t\t\t<p>El domini <b>beselfbrands.com<\/b> utilitza procediments autom\u00e0tics de recollida <b>\u201cCookies\u201d<\/b> per a reunir informaci\u00f3 personal com pot ser el tipus de navegador o sistema operatiu, p\u00e0gina de refer\u00e8ncia, ruta, domini ISSP, etc. Tot aix\u00f2 amb la finalitat de millorar els serveis prestats. Les <b>\u201cCookies\u201d<\/b>, ens ajuden a adaptar aquesta p\u00e0gina web a les seves necessitats personals.<\/p>\n<p><b>Qu\u00e8 s\u00f3n les Cookies?<\/b><\/p>\n<p><b><br \/>\n<\/b>Una <b>\u201cCookie\u201d<\/b> \u00e9s un petit arxiu que s&#8217;emmagatzema en l&#8217;ordinador de l&#8217;usuari i ens permet recon\u00e8ixer-li. El conjunt de <b>\u201cCookies\u201d<\/b> ens ajuda a millorar la qualitat de la nostra web permetent-nos aix\u00ed personalitzar fins a un cert punt la navegaci\u00f3 de cada usuari per la nostra web. Les<b> \u201cCookies\u201d<\/b> actualment s\u00f3n essencials per al funcionament d&#8217;Internet, aportant innombrables avantatges en la prestaci\u00f3 de serveis interactius, facilitant-li la navegaci\u00f3 i usabilitat de la nostra web.<\/p>\n<p>Tingui en compte que les <b>\u201cCookies\u201d<\/b> no poden danyar el seu equip i que, a canvi, el que estiguin activades ens ajuden a identificar i resoldre els errors i millorar la navegabilitat del nostre lloc web proporcionant una millor experi\u00e8ncia.<\/p>\n<p>S&#8217;utilitzen <b>Cookies<\/b> per a:<\/p>\n<ul>\n<li>Assegurar que les p\u00e0gines web puguin funcionar correctament.<\/li>\n<li>Emmagatzemar les prefer\u00e8ncies, com l&#8217;idioma o la mesura de la lletra.<\/li>\n<li>Con\u00e8ixer l&#8217;experi\u00e8ncia de navegacions de l&#8217;usuari.<\/li>\n<li>Recopilar informaci\u00f3 estad\u00edstica an\u00f2nima, com a p\u00e0gines ha visitat l&#8217;usuari o quant temps ha estat en el lloc web.<\/li>\n<\/ul>\n<p><b>Tipologia, finalitat i funcionament<\/b><\/p>\n<p>Les Cookies en funci\u00f3 de la seva perman\u00e8ncia, poden dividir-se en cookies de sessi\u00f3 o permanents. Les primeres expiren quan l&#8217;usuari tanca el navegador. Les segones expiren quan es compleix l&#8217;objectiu pel qual serveixen o b\u00e9 quan s&#8217;esborren manualment.<\/p>\n<p>A m\u00e9s, en funci\u00f3 del seu objectiu, els Cookies es poden classificar de la seg\u00fcent forma:<\/p>\n<ul>\n<li><b>Requerides: <\/b>s\u00f3n aquelles estrictament necess\u00e0ries i imprescindibles per al correcte funcionament de la p\u00e0gina web. Normalment es generen quan l&#8217;usuari accedeix al lloc web o inicia sessi\u00f3 en el mateix i s&#8217;utilitza per a identificar en el lloc web amb els seg\u00fcents objectius<b>.<\/b>\n<ul>\n<li>Mantenen a l&#8217;usuari identificat de manera que, si abandona el lloc web, el navegador o el dispositiu i en un altre moment torna a accedir a la mateixa p\u00e0gina, seguir\u00e0 identificat, facilitant aix\u00ed la seva navegaci\u00f3 sense haver de tornar a identificar.<\/li>\n<li>Comprovar si l&#8217;usuari aquest autoritzat per a accedir a uns certs serveis o zones del lloc web.<\/li>\n<\/ul>\n<\/li>\n<li><b>De prefer\u00e8ncia:<\/b> Permeten registrar en el lloc web tota aquella informaci\u00f3 relacionada amb la forma en qu\u00e8 es comporta la web o el seu aspecte, com per exemple l&#8217;idioma o la regi\u00f3 on es troba.<\/li>\n<li><b>Estad\u00edstiques \/ anal\u00edtiques:<\/b> S&#8217;utilitzen per a analitzar i millorar l&#8217;experi\u00e8ncia de navegaci\u00f3, optimitzar el funcionament del lloc web, i veure com interactuen els visitants, mitjan\u00e7ant la recopilaci\u00f3 i notificaci\u00f3 d&#8217;informaci\u00f3 normalment de manera an\u00f2nima, encara que a vegades tamb\u00e9 permeten identificar de manera \u00fanica i inequ\u00edvoca a l&#8217;usuari per a obtenir informes sobre els interessos dels usuaris en els serveis que ofereix el lloc web.<\/li>\n<li><b>De m\u00e0rqueting:<\/b> S\u00f3n aquelles que recapten informaci\u00f3 sobre els anuncis mostrats als usuaris del lloc web. Poden ser de dos tipus:<\/li>\n<\/ul>\n<ul>\n<li><b>An\u00f2nimes:<\/b> Nom\u00e9s recopilen informaci\u00f3 sobre els espais publicitaris mostrats en el lloc web, amb independ\u00e8ncia de l&#8217;usuari que accedeix sense identificar-se expressament.<\/li>\n<li><b>Personalitzades:<\/b> Recopilen informaci\u00f3 personal de l&#8217;usuari del lloc web per part d&#8217;un tercer, per a la personalitzaci\u00f3 d&#8217;aquests espais publicitaris.<\/li>\n<\/ul>\n<ul>\n<li><b>De geolocalitzaci\u00f3:<\/b> Aquestes cookies s&#8217;utilitzen per a esbrinar en quin pa\u00eds o regi\u00f3 es troba l&#8217;usuari que accedeix a un servei del lloc web, per a poder oferir continguts o serveis adequats a la seva localitzaci\u00f3.<\/li>\n<\/ul>\n<p><b>Privacitat adequada \/ Gesti\u00f3 de cookies:<\/b><\/p>\n<p>Per a m\u00e9s informaci\u00f3 sobre la configuraci\u00f3 apropiada de les cookies i les opcions d&#8217;activaci\u00f3, restricci\u00f3 i\/o inhabilitaci\u00f3 s&#8217;ha d&#8217;acudir en la secci\u00f3 d&#8217;ajuda del seu navegador per a con\u00e8ixer m\u00e9s:<\/p>\n<table cellspacing=\"0\" cellpadding=\"0\">\n<tbody>\n<tr>\n<td valign=\"top\"><b>Google Chrome<\/b><\/td>\n<td valign=\"top\"><a href=\"http:\/\/support.google.com\/chrome\/bin\/answer.py?hl=es&amp;answer=95647\">http:\/\/support.google.com\/chrome\/bin\/answer.py?hl=es&amp;answer=95647<\/a><\/td>\n<\/tr>\n<tr>\n<td valign=\"top\"><b>Internet Explorer<\/b><\/td>\n<td valign=\"top\"><a href=\"http:\/\/support.microsoft.com\/es-es\/help\/17442\/windows-internet-explorer-delete-manage-cookies\">http:\/\/support.microsoft.com\/es-es\/help\/17442\/windows-internet-explorer-delete-manage-cookies<\/a><\/td>\n<\/tr>\n<tr>\n<td valign=\"top\"><b>Mozilla Firefox<\/b><\/td>\n<td valign=\"top\"><a href=\"http:\/\/support.mozilla.org\/es\/kb\/habilitar-y-deshabilitar-cookies-que-los-sitios-we\">http:\/\/support.mozilla.org\/es\/kb\/habilitar-y-deshabilitar-cookies-que-los-sitios-we<\/a><\/td>\n<\/tr>\n<tr>\n<td valign=\"top\"><b>Apple Safari<\/b><\/td>\n<td valign=\"top\"><a href=\"http:\/\/support.apple.com\/kb\/ph5042\">http:\/\/support.apple.com\/kb\/ph5042<\/a><\/td>\n<\/tr>\n<\/tbody>\n<\/table>\n<p>L&#8217;usuari ha de con\u00e8ixer que, en deshabilitar les Cookies, algunes de les funcionalitats i serveis poden quedar deshabilitats o tenir un comportament diferent de l&#8217;esperat, com, per exemple, romandre identificat, mantenir les compres en el carret, la seva localitzaci\u00f3, etc. entre altres i que es degradi notablement la seva navegaci\u00f3.<\/p>\n<p><b>Actualitzaci\u00f3 de la Pol\u00edtica de cookies<\/b><\/p>\n<p>El responsable de tractament pot modificar aquesta Pol\u00edtica de cookies en funci\u00f3 d&#8217;exig\u00e8ncies legislatives, reglament\u00e0ries, o amb la finalitat d&#8217;adaptar aquesta pol\u00edtica a les instruccions dictades.<\/p>\n\t\t\t\t\t\t\t\t<\/div>\n\t\t\t\t<\/div>\n\t\t\t\t\t<\/div>\n\t\t<\/div>\n\t\t\t\t\t<\/div>\n\t\t<\/section>\n\t\t\t\t<\/div>\n\t\t","protected":false},"excerpt":{"rendered":"<p>El domini beselfbrands.com utilitza procediments autom\u00e0tics de recollida \u201cCookies\u201d per a reunir informaci\u00f3 personal com pot ser el tipus de navegador o sistema operatiu, p\u00e0gina de refer\u00e8ncia, ruta, domini ISSP, etc. Tot aix\u00f2 amb la finalitat de millorar els serveis prestats. Les \u201cCookies\u201d, ens ajuden a adaptar aquesta p\u00e0gina web a les seves necessitats personals. [&hellip;]<\/p>\n","protected":false},"author":4,"featured_media":0,"parent":0,"menu_order":0,"comment_status":"closed","ping_status":"open","template":"","meta":{"_monsterinsights_skip_tracking":false,"_monsterinsights_sitenote_active":false,"_monsterinsights_sitenote_note":"","_monsterinsights_sitenote_category":0,"_uf_show_specific_survey":0,"_uf_disable_surveys":false,"footnotes":""},"class_list":["post-2273","page","type-page","status-publish","hentry"],"aioseo_notices":[],"_links":{"self":[{"href":"https:\/\/beselfbrands.com\/ca\/wp-json\/wp\/v2\/pages\/2273","targetHints":{"allow":["GET"]}}],"collection":[{"href":"https:\/\/beselfbrands.com\/ca\/wp-json\/wp\/v2\/pages"}],"about":[{"href":"https:\/\/beselfbrands.com\/ca\/wp-json\/wp\/v2\/types\/page"}],"author":[{"embeddable":true,"href":"https:\/\/beselfbrands.com\/ca\/wp-json\/wp\/v2\/users\/4"}],"replies":[{"embeddable":true,"href":"https:\/\/beselfbrands.com\/ca\/wp-json\/wp\/v2\/comments?post=2273"}],"version-history":[{"count":1,"href":"https:\/\/beselfbrands.com\/ca\/wp-json\/wp\/v2\/pages\/2273\/revisions"}],"predecessor-version":[{"id":2274,"href":"https:\/\/beselfbrands.com\/ca\/wp-json\/wp\/v2\/pages\/2273\/revisions\/2274"}],"wp:attachment":[{"href":"https:\/\/beselfbrands.com\/ca\/wp-json\/wp\/v2\/media?parent=2273"}],"curies":[{"name":"wp","href":"https:\/\/api.w.org\/{rel}","templated":true}]}}