{"id":3184,"date":"2025-04-14T12:24:35","date_gmt":"2025-04-14T10:24:35","guid":{"rendered":"https:\/\/beselfbrands.com\/confirmacio-registre\/"},"modified":"2025-04-24T08:32:34","modified_gmt":"2025-04-24T06:32:34","slug":"confirmacio-registre","status":"publish","type":"page","link":"https:\/\/beselfbrands.com\/ca\/confirmacio-registre\/","title":{"rendered":"Confirmaci\u00f3 Registre"},"content":{"rendered":"\t\t<div data-elementor-type=\"wp-page\" data-elementor-id=\"3184\" class=\"elementor elementor-3184 elementor-3157\" data-elementor-post-type=\"page\">\n\t\t\t\t\t\t<section class=\"elementor-section elementor-top-section elementor-element elementor-element-6d138d55 elementor-section-boxed elementor-section-height-default elementor-section-height-default\" data-id=\"6d138d55\" data-element_type=\"section\" data-e-type=\"section\" data-settings=\"{&quot;jet_parallax_layout_list&quot;:[]}\">\n\t\t\t\t\t\t<div class=\"elementor-container elementor-column-gap-default\">\n\t\t\t\t\t<div class=\"elementor-column elementor-col-100 elementor-top-column elementor-element elementor-element-4afcbe5a\" data-id=\"4afcbe5a\" data-element_type=\"column\" data-e-type=\"column\">\n\t\t\t<div class=\"elementor-widget-wrap elementor-element-populated\">\n\t\t\t\t\t\t<div class=\"elementor-element elementor-element-528d1eda elementor-widget elementor-widget-text-editor\" data-id=\"528d1eda\" data-element_type=\"widget\" data-e-type=\"widget\" data-widget_type=\"text-editor.default\">\n\t\t\t\t<div class=\"elementor-widget-container\">\n\t\t\t\t\t\t\t\t\t<h1 data-start=\"95\" data-end=\"112\"><strong data-start=\"95\" data-end=\"112\">Benvingut\/da!<\/strong><\/h1>\n<p class=\"\" data-start=\"114\" data-end=\"175\">Gr\u00e0cies per registrar-te, ens encanta tenir-te amb nosaltres!<\/p>\n<p class=\"\" data-start=\"177\" data-end=\"354\">A partir d\u2019ara, podr\u00e0s accedir a <strong>contingut exclusiu pensat especialment per a la nostra comunitat.<\/strong> Articles, recursos, novetats i molt m\u00e9s&#8230; <strong>tot en un sol lloc, nom\u00e9s per a tu.<\/strong><\/p>\n<p class=\"\" data-start=\"356\" data-end=\"430\"><strong><br>Preparat\/da per comen\u00e7ar a explorar?<\/strong><br data-start=\"392\" data-end=\"395\">&nbsp;[Accedeix al contingut exclusiu]<\/p>\n<p class=\"\" data-start=\"432\" data-end=\"538\">I si en algun moment necessites ajuda o tens preguntes, no dubtis a escriure&#8217;ns.&nbsp;<br><strong>Estem aqu\u00ed per ajudar-te!<\/strong><\/p>\t\t\t\t\t\t\t\t<\/div>\n\t\t\t\t<\/div>\n\t\t\t\t\t<\/div>\n\t\t<\/div>\n\t\t\t\t\t<\/div>\n\t\t<\/section>\n\t\t\t\t<\/div>\n\t\t","protected":false},"excerpt":{"rendered":"<p>Benvingut\/da! Gr\u00e0cies per registrar-te, ens encanta tenir-te amb nosaltres! A partir d\u2019ara, podr\u00e0s accedir a contingut exclusiu pensat especialment per a la nostra comunitat. Articles, recursos, novetats i molt m\u00e9s&#8230; tot en un sol lloc, nom\u00e9s per a tu. Preparat\/da per comen\u00e7ar a explorar?&nbsp;[Accedeix al contingut exclusiu] I si en algun moment necessites ajuda o [&hellip;]<\/p>\n","protected":false},"author":6,"featured_media":0,"parent":0,"menu_order":0,"comment_status":"closed","ping_status":"closed","template":"","meta":{"_monsterinsights_skip_tracking":false,"_monsterinsights_sitenote_active":false,"_monsterinsights_sitenote_note":"","_monsterinsights_sitenote_category":0,"_uf_show_specific_survey":0,"_uf_disable_surveys":false,"footnotes":""},"class_list":["post-3184","page","type-page","status-publish","hentry"],"aioseo_notices":[],"_links":{"self":[{"href":"https:\/\/beselfbrands.com\/ca\/wp-json\/wp\/v2\/pages\/3184","targetHints":{"allow":["GET"]}}],"collection":[{"href":"https:\/\/beselfbrands.com\/ca\/wp-json\/wp\/v2\/pages"}],"about":[{"href":"https:\/\/beselfbrands.com\/ca\/wp-json\/wp\/v2\/types\/page"}],"author":[{"embeddable":true,"href":"https:\/\/beselfbrands.com\/ca\/wp-json\/wp\/v2\/users\/6"}],"replies":[{"embeddable":true,"href":"https:\/\/beselfbrands.com\/ca\/wp-json\/wp\/v2\/comments?post=3184"}],"version-history":[{"count":57,"href":"https:\/\/beselfbrands.com\/ca\/wp-json\/wp\/v2\/pages\/3184\/revisions"}],"predecessor-version":[{"id":3369,"href":"https:\/\/beselfbrands.com\/ca\/wp-json\/wp\/v2\/pages\/3184\/revisions\/3369"}],"wp:attachment":[{"href":"https:\/\/beselfbrands.com\/ca\/wp-json\/wp\/v2\/media?parent=3184"}],"curies":[{"name":"wp","href":"https:\/\/api.w.org\/{rel}","templated":true}]}}